{"id":83727,"date":"2018-03-11T22:07:26","date_gmt":"2018-03-11T13:07:26","guid":{"rendered":"https:\/\/visitmatsumoto.com\/access\/"},"modified":"2018-08-01T17:00:24","modified_gmt":"2018-08-01T08:00:24","slug":"access","status":"publish","type":"page","link":"http:\/\/blog.visitmatsumoto.com\/de\/access\/","title":{"rendered":"Verkehrsverbindungen"},"content":{"rendered":"<h2>Wo liegt die Stadt Matsumoto?<\/h2>\n<img data-attachment-id=\"144264\" data-permalink=\"http:\/\/blog.visitmatsumoto.com\/de\/access\/attachment\/shimatsu_access_de\/\" data-orig-file=\"https:\/\/i0.wp.com\/blog.visitmatsumoto.com\/wp-content\/uploads\/2018\/07\/shimatsu_access_de.jpg?fit=401%2C327\" data-orig-size=\"401,327\" data-comments-opened=\"0\" data-image-meta=\"{&quot;aperture&quot;:&quot;0&quot;,&quot;credit&quot;:&quot;&quot;,&quot;camera&quot;:&quot;&quot;,&quot;caption&quot;:&quot;&quot;,&quot;created_timestamp&quot;:&quot;0&quot;,&quot;copyright&quot;:&quot;&quot;,&quot;focal_length&quot;:&quot;0&quot;,&quot;iso&quot;:&quot;0&quot;,&quot;shutter_speed&quot;:&quot;0&quot;,&quot;title&quot;:&quot;&quot;,&quot;orientation&quot;:&quot;0&quot;}\" data-image-title=\"shimatsu_access_de\" data-image-description=\"\" data-medium-file=\"https:\/\/i0.wp.com\/blog.visitmatsumoto.com\/wp-content\/uploads\/2018\/07\/shimatsu_access_de.jpg?fit=300%2C245\" data-large-file=\"https:\/\/i0.wp.com\/blog.visitmatsumoto.com\/wp-content\/uploads\/2018\/07\/shimatsu_access_de.jpg?fit=401%2C327\" loading=\"lazy\" src=\"https:\/\/i0.wp.com\/visitmatsumoto.com\/wp-content\/uploads\/2018\/07\/shimatsu_access_de.jpg?resize=401%2C327&#038;ssl=1\" alt=\"\" width=\"401\" height=\"327\" class=\"alignright size-full wp-image-144264\" srcset=\"https:\/\/i0.wp.com\/blog.visitmatsumoto.com\/wp-content\/uploads\/2018\/07\/shimatsu_access_de.jpg?w=401 401w, https:\/\/i0.wp.com\/blog.visitmatsumoto.com\/wp-content\/uploads\/2018\/07\/shimatsu_access_de.jpg?resize=300%2C245 300w\" sizes=\"(max-width: 401px) 100vw, 401px\" data-recalc-dims=\"1\" \/>\n<p>Matsumoto liegt in der Mitte der Pr\u00e4fektur Nagano, in der die Olympischen Winterspiele 1998 stattfanden. Die Stadt befindet sich am Fu\u00dfe der Japanischen Alpen, umgeben von Bergen im Herzen Japans.<\/p>\n<p>Matsumoto ist auf dem Stra\u00dfen-, Schienen- oder Luftweg leicht zu erreichen. <span class=\"access-page-only\">Wir stellen im Folgenden einige empfohlene Anreiserouten vor. Bitte beachten Sie, dass es alternative Verbindungen gibt, und dass die Preise und Informationen nat\u00fcrlich Ver\u00e4nderungen unterliegen.<\/span><\/p>\n<div class=\"mainmap\"><img data-attachment-id=\"144275\" data-permalink=\"http:\/\/blog.visitmatsumoto.com\/de\/access\/attachment\/access_map_de\/\" data-orig-file=\"https:\/\/i1.wp.com\/blog.visitmatsumoto.com\/wp-content\/uploads\/2018\/07\/access_map_de.jpg?fit=1001%2C705\" data-orig-size=\"1001,705\" data-comments-opened=\"0\" data-image-meta=\"{&quot;aperture&quot;:&quot;0&quot;,&quot;credit&quot;:&quot;&quot;,&quot;camera&quot;:&quot;&quot;,&quot;caption&quot;:&quot;&quot;,&quot;created_timestamp&quot;:&quot;0&quot;,&quot;copyright&quot;:&quot;&quot;,&quot;focal_length&quot;:&quot;0&quot;,&quot;iso&quot;:&quot;0&quot;,&quot;shutter_speed&quot;:&quot;0&quot;,&quot;title&quot;:&quot;&quot;,&quot;orientation&quot;:&quot;0&quot;}\" data-image-title=\"access_map_de\" data-image-description=\"\" data-medium-file=\"https:\/\/i1.wp.com\/blog.visitmatsumoto.com\/wp-content\/uploads\/2018\/07\/access_map_de.jpg?fit=300%2C211\" data-large-file=\"https:\/\/i1.wp.com\/blog.visitmatsumoto.com\/wp-content\/uploads\/2018\/07\/access_map_de.jpg?fit=1001%2C705\" loading=\"lazy\" src=\"https:\/\/i2.wp.com\/visitmatsumoto.com\/wp-content\/uploads\/2018\/07\/access_map_de.jpg?resize=1001%2C705&#038;ssl=1\" alt=\"\" width=\"1001\" height=\"705\" class=\"alignnone size-full wp-image-144275\" srcset=\"https:\/\/i1.wp.com\/blog.visitmatsumoto.com\/wp-content\/uploads\/2018\/07\/access_map_de.jpg?w=1001 1001w, https:\/\/i1.wp.com\/blog.visitmatsumoto.com\/wp-content\/uploads\/2018\/07\/access_map_de.jpg?resize=300%2C211 300w, https:\/\/i1.wp.com\/blog.visitmatsumoto.com\/wp-content\/uploads\/2018\/07\/access_map_de.jpg?resize=768%2C541 768w, https:\/\/i1.wp.com\/blog.visitmatsumoto.com\/wp-content\/uploads\/2018\/07\/access_map_de.jpg?resize=923%2C650 923w\" sizes=\"(max-width: 1000px) 100vw, 1000px\" data-recalc-dims=\"1\" \/><\/div>\n","protected":false},"excerpt":{"rendered":"<p>Wo liegt die Stadt Matsumoto? Matsumoto liegt in der Mitte der Pr\u00e4fektur Nagano, in der die Olympischen Winterspiele 1998 stattfanden. Die Stadt befindet sich am Fu\u00dfe der Japanischen Alpen, umgeben von Bergen im Herzen Japans. Matsumoto ist auf dem Stra\u00dfen-, Schienen- oder Luftweg leicht zu erreichen. Wir stellen im Folgenden einige empfohlene Anreiserouten vor. Bitte beachten Sie, dass es alternative Verbindungen gibt, und dass die Preise und Informationen nat\u00fcrlich Ver\u00e4nderungen unterliegen.<\/p>\n","protected":false},"author":1,"featured_media":76327,"parent":0,"menu_order":79,"comment_status":"closed","ping_status":"closed","template":"","meta":{"ngg_post_thumbnail":0,"inline_featured_image":false,"spay_email":""},"yoast_head":"<!-- This site is optimized with the Yoast SEO plugin v15.9.2 - https:\/\/yoast.com\/wordpress\/plugins\/seo\/ -->\n<title>Verkehrsverbindungen | Willkommen in Matsumoto<\/title>\n<meta name=\"description\" content=\"\u677e\u672c\u5e02\u516c\u5f0f\u89b3\u5149\u60c5\u5831\u30dd\u30fc\u30bf\u30eb\u30b5\u30a4\u30c8 \u300c\u65b0\u307e\u3064\u3082\u3068\u7269\u8a9e\u300d\u3067\u3059\u3002\u677e\u672c\u5e02\u307e\u3067\u306e\u884c\u304d\u65b9\u3092\u7d39\u4ecb\u3059\u308b\u30a2\u30af\u30bb\u30b9\u30da\u30fc\u30b8\u3067\u3059\u3002\u4fe1\u5dde\u30fb\u677e\u672c\u306e\u65c5\u306a\u3089\u300c\u65b0\u307e\u3064\u3082\u3068\u7269\u8a9e\u300d\u3092\u3054\u89a7\u304f\u3060\u3055\u3044\u3002\" \/>\n<meta name=\"robots\" content=\"index, follow, max-snippet:-1, max-image-preview:large, max-video-preview:-1\" \/>\n<link rel=\"canonical\" href=\"http:\/\/blog.visitmatsumoto.com\/de\/access\/\" \/>\n<meta property=\"og:locale\" content=\"de_DE\" \/>\n<meta property=\"og:type\" content=\"article\" \/>\n<meta property=\"og:title\" content=\"Verkehrsverbindungen | Willkommen in Matsumoto\" \/>\n<meta property=\"og:description\" content=\"\u677e\u672c\u5e02\u516c\u5f0f\u89b3\u5149\u60c5\u5831\u30dd\u30fc\u30bf\u30eb\u30b5\u30a4\u30c8 \u300c\u65b0\u307e\u3064\u3082\u3068\u7269\u8a9e\u300d\u3067\u3059\u3002\u677e\u672c\u5e02\u307e\u3067\u306e\u884c\u304d\u65b9\u3092\u7d39\u4ecb\u3059\u308b\u30a2\u30af\u30bb\u30b9\u30da\u30fc\u30b8\u3067\u3059\u3002\u4fe1\u5dde\u30fb\u677e\u672c\u306e\u65c5\u306a\u3089\u300c\u65b0\u307e\u3064\u3082\u3068\u7269\u8a9e\u300d\u3092\u3054\u89a7\u304f\u3060\u3055\u3044\u3002\" \/>\n<meta property=\"og:url\" content=\"http:\/\/blog.visitmatsumoto.com\/de\/access\/\" \/>\n<meta property=\"og:site_name\" content=\"Willkommen in Matsumoto\" \/>\n<meta property=\"article:modified_time\" content=\"2018-08-01T08:00:24+00:00\" \/>\n<meta property=\"og:image\" content=\"https:\/\/i0.wp.com\/blog.visitmatsumoto.com\/wp-content\/uploads\/2018\/03\/where_matsumoto_is_in_japan.png?fit=305%2C272\" \/>\n\t<meta property=\"og:image:width\" content=\"305\" \/>\n\t<meta property=\"og:image:height\" content=\"272\" \/>\n<meta name=\"twitter:card\" content=\"summary_large_image\" \/>\n<script type=\"application\/ld+json\" class=\"yoast-schema-graph\">{\"@context\":\"https:\/\/schema.org\",\"@graph\":[{\"@type\":\"WebSite\",\"@id\":\"https:\/\/blog.visitmatsumoto.com\/zh-hant\/#website\",\"url\":\"https:\/\/blog.visitmatsumoto.com\/zh-hant\/\",\"name\":\"Willkommen in Matsumoto\",\"description\":\"Offizielle Tourismusinformation f\\u00fcr &quot;Matsumoto&quot; in Nagano\/Japan\",\"potentialAction\":[{\"@type\":\"SearchAction\",\"target\":\"https:\/\/blog.visitmatsumoto.com\/zh-hant\/?s={search_term_string}\",\"query-input\":\"required name=search_term_string\"}],\"inLanguage\":\"de\"},{\"@type\":\"ImageObject\",\"@id\":\"http:\/\/blog.visitmatsumoto.com\/de\/access\/#primaryimage\",\"inLanguage\":\"de\",\"url\":\"https:\/\/i0.wp.com\/blog.visitmatsumoto.com\/wp-content\/uploads\/2018\/03\/where_matsumoto_is_in_japan.png?fit=305%2C272\",\"width\":305,\"height\":272},{\"@type\":\"WebPage\",\"@id\":\"http:\/\/blog.visitmatsumoto.com\/de\/access\/#webpage\",\"url\":\"http:\/\/blog.visitmatsumoto.com\/de\/access\/\",\"name\":\"Verkehrsverbindungen | Willkommen in Matsumoto\",\"isPartOf\":{\"@id\":\"https:\/\/blog.visitmatsumoto.com\/zh-hant\/#website\"},\"primaryImageOfPage\":{\"@id\":\"http:\/\/blog.visitmatsumoto.com\/de\/access\/#primaryimage\"},\"datePublished\":\"2018-03-11T13:07:26+00:00\",\"dateModified\":\"2018-08-01T08:00:24+00:00\",\"description\":\"\\u677e\\u672c\\u5e02\\u516c\\u5f0f\\u89b3\\u5149\\u60c5\\u5831\\u30dd\\u30fc\\u30bf\\u30eb\\u30b5\\u30a4\\u30c8 \\u300c\\u65b0\\u307e\\u3064\\u3082\\u3068\\u7269\\u8a9e\\u300d\\u3067\\u3059\\u3002\\u677e\\u672c\\u5e02\\u307e\\u3067\\u306e\\u884c\\u304d\\u65b9\\u3092\\u7d39\\u4ecb\\u3059\\u308b\\u30a2\\u30af\\u30bb\\u30b9\\u30da\\u30fc\\u30b8\\u3067\\u3059\\u3002\\u4fe1\\u5dde\\u30fb\\u677e\\u672c\\u306e\\u65c5\\u306a\\u3089\\u300c\\u65b0\\u307e\\u3064\\u3082\\u3068\\u7269\\u8a9e\\u300d\\u3092\\u3054\\u89a7\\u304f\\u3060\\u3055\\u3044\\u3002\",\"breadcrumb\":{\"@id\":\"http:\/\/blog.visitmatsumoto.com\/de\/access\/#breadcrumb\"},\"inLanguage\":\"de\",\"potentialAction\":[{\"@type\":\"ReadAction\",\"target\":[\"http:\/\/blog.visitmatsumoto.com\/de\/access\/\"]}]},{\"@type\":\"BreadcrumbList\",\"@id\":\"http:\/\/blog.visitmatsumoto.com\/de\/access\/#breadcrumb\",\"itemListElement\":[{\"@type\":\"ListItem\",\"position\":1,\"item\":{\"@type\":\"WebPage\",\"@id\":\"http:\/\/blog.visitmatsumoto.com\/de\/access\/\",\"url\":\"http:\/\/blog.visitmatsumoto.com\/de\/access\/\",\"name\":\"Verkehrsverbindungen\"}}]}]}<\/script>\n<!-- \/ Yoast SEO plugin. -->","jetpack-related-posts":[{"id":79972,"url":"http:\/\/blog.visitmatsumoto.com\/de\/reasons\/","url_meta":{"origin":83727,"position":0},"title":"Warum Matsumoto?","date":"2018.3.14","format":false,"excerpt":"Die schwarze Perle Japans Auf den Spuren der Samurai in der Burg Matsumoto Die \u00e4lteste Burg Japans, die wegen ihrer schwarzen Farbe auch \u201eRabenburg\u201c genannt wird, wurde Ende des 16 Jhd. errichtet und ihre sch\u00f6ne Holzstruktur ist bis heute im Original erhalten geblieben. Genie\u00dfen Sie von der Aussichtsplattform in der\u2026","rel":"","context":"\u00c4hnlicher Beitrag","img":{"alt_text":"","src":"https:\/\/i1.wp.com\/blog.visitmatsumoto.com\/wp-content\/uploads\/2018\/03\/pic_heroimage_sightseeing-2.jpg?fit=1200%2C600&resize=350%2C200","width":350,"height":200},"classes":[]},{"id":83807,"url":"http:\/\/blog.visitmatsumoto.com\/de\/access\/by-train-and-buses\/from-shinjuku-tokyo-station\/","url_meta":{"origin":83727,"position":1},"title":"Von den Bahnh\u00f6fen Shinjuku \/ T\u014dky\u014d (Bahnhof Nagano)","date":"2018.3.11","format":false,"excerpt":"Per \u201eLimited Express\u201c Schnellzug Bahnhof Shinjuku \u2014 Bahnhof Matsumoto JR Ltd. Exp. \u201eSuper Azusa\u201c oder \u201eAzusa\u201c 2:40 oder 3:00\u00a0Stdn. \u00a56.380 ohne Sitz\u00adplatz\u00adreservierung Der \u201eAzusa\u201c Zug wurde nach dem Azusa-Flu\u00df benannt, der durch Kamikochi und Matsumoto flie\u00dft. Der Zug passiert die Mt. Fuji Region. Je nach Tageszeit fahren 1 bis 2\u2026","rel":"","context":"\u00c4hnlicher Beitrag","img":{"alt_text":"","src":"","width":0,"height":0},"classes":[]},{"id":83985,"url":"http:\/\/blog.visitmatsumoto.com\/de\/access\/by-train-and-buses\/from-tateyama-kurobe-alpine-route\/","url_meta":{"origin":83727,"position":2},"title":"Von der Tateyama-Kurobe-Alpenstra\u00dfe","date":"2018.3.16","format":false,"excerpt":"Bahnhof Ogisawa \u2014 Bahnhof Shinano-\u014dmachi Nahverkehrsbus 0:40\u00a0Stdn. \u00a51.330 Bahnhof Shinano-\u014dmachi \u2014 Bahnhof Matsumoto JR \u014cito Line Ltd. Exp. \u201eAzusa\u201c 0:38\u00a0Stdn. einmal t\u00e4glich \u00a51.420 ohne Sitz\u00adplatz\u00adreservierung Regionalzug 1:00\u00a0Std. \u00a5670 F\u00fcr genauere Informationen besuchen Sie die Webseite der Stadt \u014cmachi.","rel":"","context":"\u00c4hnlicher Beitrag","img":{"alt_text":"","src":"","width":0,"height":0},"classes":[]},{"id":83795,"url":"http:\/\/blog.visitmatsumoto.com\/de\/access\/by-train-and-buses\/from-narita-haneda-airport\/","url_meta":{"origin":83727,"position":3},"title":"Von den Flugh\u00e4fen Narita und Haneda","date":"2018.3.11","format":false,"excerpt":"Direktverbindung Flughafen Narita \u2014 Matsumoto (Ihr Hotel) Ch\u016b\u014d Taxi Airport Shuttle 4:30\u00a0Stdn. \u00a513.900 Flughafen Haneda \u2014 Matsumoto (Ihr Hotel) Chuo Taxi Airport Shuttle 4:00\u00a0Stdn. \u00a512.900 Alpico Taxi Airport Shuttle 4:00\u00a0Stdn. \u00a510.500 Ch\u016b\u014d Taxi: Um einen Sitzplatz zu garantieren, reservieren Sie den Shuttle-Service telefonisch oder online bis sp\u00e4testens 5 Tage vor\u2026","rel":"","context":"\u00c4hnlicher Beitrag","img":{"alt_text":"","src":"","width":0,"height":0},"classes":[]},{"id":173127,"url":"http:\/\/blog.visitmatsumoto.com\/de\/near_attraction\/","url_meta":{"origin":83727,"position":4},"title":"Umgebung","date":"2018.7.21","format":false,"excerpt":"Hida Takayama Besonders beliebt bei Besuchern aus \u00dcbersee sind die traditionellen alten H\u00e4user und das schmackhafte Hida-Rindfleisch. Kiso (Narai und Tsumago Poststationen) Die als \u201eSamurai-Trail\u201c bekannte alte Stra\u00dfe ist ges\u00e4umt mit \u00fcber 100 Jahre alten Geb\u00e4uden. Jigokudani Yaen Koen - Park der wilden Affen im H\u00f6llental Ein weltweit einzigartiger Ort,\u2026","rel":"","context":"\u00c4hnlicher Beitrag","img":{"alt_text":"","src":"..\/..\/wp-content\/themes\/shinmatsu\/images\/near_attraction_img02.jpg","width":350,"height":200},"classes":[]},{"id":83819,"url":"http:\/\/blog.visitmatsumoto.com\/de\/access\/by-train-and-buses\/from-osaka-kyoto\/","url_meta":{"origin":83727,"position":5},"title":"Aus \u014csaka \/ Ky\u014dto","date":"2018.3.11","format":false,"excerpt":"Per \u201eLimited Express\u201c Schnellzug und Shinkansen Kombination Bahnhof Shin-\u014csaka \u2014 Bahnhof Nagoya Hikari\/Kodama\/Nozomi* Shinkansen (Hoch\u00adge\u00adschwin\u00addig\u00adkeits\u00adzug) 0:50\u00a0Stdn. \u00a55.830 ohne Sitz\u00adplatz\u00adreservierung Bahnhof Ky\u014dto \u2014 Bahnhof Nagoya Hikari\/Kodama\/Nozomi* Shinkansen (Hoch\u00adge\u00adschwin\u00addig\u00adkeits\u00adzug) 0:40\u00a0Stdn. \u00a55.070 Bahnhof Nagoya \u2014 Bahnhof Matsumoto JR Ltd. Exp. \u201eShinano\u201c 2:10\u00a0Stdn. ca. einmal pro Stunde \u00a55.510 ohne Sitz\u00adplatz\u00adreservierung * Der JR Pass\u2026","rel":"","context":"\u00c4hnlicher Beitrag","img":{"alt_text":"","src":"","width":0,"height":0},"classes":[]}],"jetpack_sharing_enabled":true,"_links":{"self":[{"href":"http:\/\/blog.visitmatsumoto.com\/de\/wp-json\/wp\/v2\/pages\/83727"}],"collection":[{"href":"http:\/\/blog.visitmatsumoto.com\/de\/wp-json\/wp\/v2\/pages"}],"about":[{"href":"http:\/\/blog.visitmatsumoto.com\/de\/wp-json\/wp\/v2\/types\/page"}],"author":[{"embeddable":true,"href":"http:\/\/blog.visitmatsumoto.com\/de\/wp-json\/wp\/v2\/users\/1"}],"replies":[{"embeddable":true,"href":"http:\/\/blog.visitmatsumoto.com\/de\/wp-json\/wp\/v2\/comments?post=83727"}],"version-history":[{"count":9,"href":"http:\/\/blog.visitmatsumoto.com\/de\/wp-json\/wp\/v2\/pages\/83727\/revisions"}],"predecessor-version":[{"id":149823,"href":"http:\/\/blog.visitmatsumoto.com\/de\/wp-json\/wp\/v2\/pages\/83727\/revisions\/149823"}],"wp:featuredmedia":[{"embeddable":true,"href":"http:\/\/blog.visitmatsumoto.com\/de\/wp-json\/wp\/v2\/media\/76327"}],"wp:attachment":[{"href":"http:\/\/blog.visitmatsumoto.com\/de\/wp-json\/wp\/v2\/media?parent=83727"}],"curies":[{"name":"wp","href":"https:\/\/api.w.org\/{rel}","templated":true}]}}