{"id":83726,"date":"2018-03-11T22:07:26","date_gmt":"2018-03-11T13:07:26","guid":{"rendered":"https:\/\/visitmatsumoto.com\/access\/"},"modified":"2018-11-12T12:04:23","modified_gmt":"2018-11-12T03:04:23","slug":"access","status":"publish","type":"page","link":"http:\/\/blog.visitmatsumoto.com\/fr\/access\/","title":{"rendered":"Acc\u00e8s"},"content":{"rendered":"<h2>O\u00f9 est situ\u00e9e la ville de Matsumoto ?<\/h2>\n<img data-attachment-id=\"144246\" data-permalink=\"http:\/\/blog.visitmatsumoto.com\/fr\/access\/attachment\/shimatsu_access_fr\/\" data-orig-file=\"https:\/\/i1.wp.com\/blog.visitmatsumoto.com\/wp-content\/uploads\/2018\/07\/shimatsu_access_fr.jpg?fit=401%2C327\" data-orig-size=\"401,327\" data-comments-opened=\"0\" data-image-meta=\"{&quot;aperture&quot;:&quot;0&quot;,&quot;credit&quot;:&quot;&quot;,&quot;camera&quot;:&quot;&quot;,&quot;caption&quot;:&quot;&quot;,&quot;created_timestamp&quot;:&quot;0&quot;,&quot;copyright&quot;:&quot;&quot;,&quot;focal_length&quot;:&quot;0&quot;,&quot;iso&quot;:&quot;0&quot;,&quot;shutter_speed&quot;:&quot;0&quot;,&quot;title&quot;:&quot;&quot;,&quot;orientation&quot;:&quot;0&quot;}\" data-image-title=\"shimatsu_access_fr\" data-image-description=\"\" data-medium-file=\"https:\/\/i1.wp.com\/blog.visitmatsumoto.com\/wp-content\/uploads\/2018\/07\/shimatsu_access_fr.jpg?fit=300%2C245\" data-large-file=\"https:\/\/i1.wp.com\/blog.visitmatsumoto.com\/wp-content\/uploads\/2018\/07\/shimatsu_access_fr.jpg?fit=401%2C327\" loading=\"lazy\" src=\"https:\/\/i0.wp.com\/visitmatsumoto.com\/wp-content\/uploads\/2018\/07\/shimatsu_access_fr.jpg?resize=401%2C327&#038;ssl=1\" alt=\"\" width=\"401\" height=\"327\" class=\"alignright size-full wp-image-144246\" srcset=\"https:\/\/i1.wp.com\/blog.visitmatsumoto.com\/wp-content\/uploads\/2018\/07\/shimatsu_access_fr.jpg?w=401 401w, https:\/\/i1.wp.com\/blog.visitmatsumoto.com\/wp-content\/uploads\/2018\/07\/shimatsu_access_fr.jpg?resize=300%2C245 300w\" sizes=\"(max-width: 401px) 100vw, 401px\" data-recalc-dims=\"1\" \/>\n<p>La ville de Matsumoto est situ\u00e9e au centre de la pr\u00e9fecture de Nagano o\u00f9 se sont d\u00e9roul\u00e9 les Jeux Olympiques d&rsquo;Hiver de 1998. Matsumoto se trouve au pied des Alpes Japonaises, nich\u00e9 entre les montagnes au c\u0153ur du Japon.<\/p>\n<p>Matsumoto est facilement accessible par route, par avion et par train. <span class=\"access-page-only\">Ci-dessous, vous trouverez le d\u00e9tail des diff\u00e9rents moyens d&rsquo;acc\u00e8s menant \u00e0 Mastumoto. Veuillez noter que des itin\u00e9raires alternatifs peuvent \u00e9galement \u00eatre disponibles, et que les prix et informations ci-dessous peuvent \u00eatre soumis \u00e0 des modifications.<\/span><\/p>\n<div class=\"mainmap\"><img data-attachment-id=\"144255\" data-permalink=\"http:\/\/blog.visitmatsumoto.com\/fr\/access\/attachment\/access_map_fr-2\/\" data-orig-file=\"https:\/\/i0.wp.com\/blog.visitmatsumoto.com\/wp-content\/uploads\/2018\/07\/access_map_fr-1.jpg?fit=1001%2C705\" data-orig-size=\"1001,705\" data-comments-opened=\"0\" data-image-meta=\"{&quot;aperture&quot;:&quot;0&quot;,&quot;credit&quot;:&quot;&quot;,&quot;camera&quot;:&quot;&quot;,&quot;caption&quot;:&quot;&quot;,&quot;created_timestamp&quot;:&quot;0&quot;,&quot;copyright&quot;:&quot;&quot;,&quot;focal_length&quot;:&quot;0&quot;,&quot;iso&quot;:&quot;0&quot;,&quot;shutter_speed&quot;:&quot;0&quot;,&quot;title&quot;:&quot;&quot;,&quot;orientation&quot;:&quot;0&quot;}\" data-image-title=\"access_map_fr\" data-image-description=\"\" data-medium-file=\"https:\/\/i0.wp.com\/blog.visitmatsumoto.com\/wp-content\/uploads\/2018\/07\/access_map_fr-1.jpg?fit=300%2C211\" data-large-file=\"https:\/\/i0.wp.com\/blog.visitmatsumoto.com\/wp-content\/uploads\/2018\/07\/access_map_fr-1.jpg?fit=1001%2C705\" loading=\"lazy\" src=\"https:\/\/i0.wp.com\/visitmatsumoto.com\/wp-content\/uploads\/2018\/07\/access_map_fr-1.jpg?resize=1001%2C705&#038;ssl=1\" alt=\"\" width=\"1001\" height=\"705\" class=\"alignnone size-full wp-image-144255\" srcset=\"https:\/\/i0.wp.com\/blog.visitmatsumoto.com\/wp-content\/uploads\/2018\/07\/access_map_fr-1.jpg?w=1001 1001w, https:\/\/i0.wp.com\/blog.visitmatsumoto.com\/wp-content\/uploads\/2018\/07\/access_map_fr-1.jpg?resize=300%2C211 300w, https:\/\/i0.wp.com\/blog.visitmatsumoto.com\/wp-content\/uploads\/2018\/07\/access_map_fr-1.jpg?resize=768%2C541 768w, https:\/\/i0.wp.com\/blog.visitmatsumoto.com\/wp-content\/uploads\/2018\/07\/access_map_fr-1.jpg?resize=923%2C650 923w\" sizes=\"(max-width: 1000px) 100vw, 1000px\" data-recalc-dims=\"1\" \/><\/div>\n","protected":false},"excerpt":{"rendered":"<p>O\u00f9 est situ\u00e9e la ville de Matsumoto ? La ville de Matsumoto est situ\u00e9e au centre de la pr\u00e9fecture de Nagano o\u00f9 se sont d\u00e9roul\u00e9 les Jeux Olympiques d&rsquo;Hiver de 1998. Matsumoto se trouve au pied des Alpes Japonaises, nich\u00e9 entre les montagnes au c\u0153ur du Japon. Matsumoto est facilement accessible par route, par avion et par train. Ci-dessous, vous trouverez le d\u00e9tail des diff\u00e9rents moyens d&rsquo;acc\u00e8s menant \u00e0 Mastumoto. Veuillez noter que des itin\u00e9raires alternatifs peuvent \u00e9galement \u00eatre disponibles, et que les prix et informations ci-dessous peuvent \u00eatre soumis \u00e0 des modifications.<\/p>\n","protected":false},"author":1,"featured_media":76326,"parent":0,"menu_order":78,"comment_status":"closed","ping_status":"closed","template":"","meta":{"ngg_post_thumbnail":0,"inline_featured_image":false,"spay_email":""},"yoast_head":"<!-- This site is optimized with the Yoast SEO plugin v15.9.2 - https:\/\/yoast.com\/wordpress\/plugins\/seo\/ -->\n<title>Acc\u00e8s | Visiter Matsumoto<\/title>\n<meta name=\"description\" content=\"\u677e\u672c\u5e02\u516c\u5f0f\u89b3\u5149\u60c5\u5831\u30dd\u30fc\u30bf\u30eb\u30b5\u30a4\u30c8 \u300c\u65b0\u307e\u3064\u3082\u3068\u7269\u8a9e\u300d\u3067\u3059\u3002\u677e\u672c\u5e02\u307e\u3067\u306e\u884c\u304d\u65b9\u3092\u7d39\u4ecb\u3059\u308b\u30a2\u30af\u30bb\u30b9\u30da\u30fc\u30b8\u3067\u3059\u3002\u4fe1\u5dde\u30fb\u677e\u672c\u306e\u65c5\u306a\u3089\u300c\u65b0\u307e\u3064\u3082\u3068\u7269\u8a9e\u300d\u3092\u3054\u89a7\u304f\u3060\u3055\u3044\u3002\" \/>\n<meta name=\"robots\" content=\"index, follow, max-snippet:-1, max-image-preview:large, max-video-preview:-1\" \/>\n<link rel=\"canonical\" href=\"http:\/\/blog.visitmatsumoto.com\/fr\/access\/\" \/>\n<meta property=\"og:locale\" content=\"fr_FR\" \/>\n<meta property=\"og:type\" content=\"article\" \/>\n<meta property=\"og:title\" content=\"Acc\u00e8s | Visiter Matsumoto\" \/>\n<meta property=\"og:description\" content=\"\u677e\u672c\u5e02\u516c\u5f0f\u89b3\u5149\u60c5\u5831\u30dd\u30fc\u30bf\u30eb\u30b5\u30a4\u30c8 \u300c\u65b0\u307e\u3064\u3082\u3068\u7269\u8a9e\u300d\u3067\u3059\u3002\u677e\u672c\u5e02\u307e\u3067\u306e\u884c\u304d\u65b9\u3092\u7d39\u4ecb\u3059\u308b\u30a2\u30af\u30bb\u30b9\u30da\u30fc\u30b8\u3067\u3059\u3002\u4fe1\u5dde\u30fb\u677e\u672c\u306e\u65c5\u306a\u3089\u300c\u65b0\u307e\u3064\u3082\u3068\u7269\u8a9e\u300d\u3092\u3054\u89a7\u304f\u3060\u3055\u3044\u3002\" \/>\n<meta property=\"og:url\" content=\"http:\/\/blog.visitmatsumoto.com\/fr\/access\/\" \/>\n<meta property=\"og:site_name\" content=\"Visiter Matsumoto\" \/>\n<meta property=\"article:modified_time\" content=\"2018-11-12T03:04:23+00:00\" \/>\n<meta property=\"og:image\" content=\"https:\/\/i0.wp.com\/blog.visitmatsumoto.com\/wp-content\/uploads\/2018\/03\/where_matsumoto_is_in_japan.png?fit=305%2C272\" \/>\n\t<meta property=\"og:image:width\" content=\"305\" \/>\n\t<meta property=\"og:image:height\" content=\"272\" \/>\n<meta name=\"twitter:card\" content=\"summary_large_image\" \/>\n<script type=\"application\/ld+json\" class=\"yoast-schema-graph\">{\"@context\":\"https:\/\/schema.org\",\"@graph\":[{\"@type\":\"WebSite\",\"@id\":\"https:\/\/blog.visitmatsumoto.com\/zh-hant\/#website\",\"url\":\"https:\/\/blog.visitmatsumoto.com\/zh-hant\/\",\"name\":\"Visiter Matsumoto\",\"description\":\"Guide touristique officiel de Matsumoto, \\u00e0 Nagano, Japon\",\"potentialAction\":[{\"@type\":\"SearchAction\",\"target\":\"https:\/\/blog.visitmatsumoto.com\/zh-hant\/?s={search_term_string}\",\"query-input\":\"required name=search_term_string\"}],\"inLanguage\":\"fr-FR\"},{\"@type\":\"ImageObject\",\"@id\":\"http:\/\/blog.visitmatsumoto.com\/fr\/access\/#primaryimage\",\"inLanguage\":\"fr-FR\",\"url\":\"https:\/\/i0.wp.com\/blog.visitmatsumoto.com\/wp-content\/uploads\/2018\/03\/where_matsumoto_is_in_japan.png?fit=305%2C272\",\"width\":305,\"height\":272},{\"@type\":\"WebPage\",\"@id\":\"http:\/\/blog.visitmatsumoto.com\/fr\/access\/#webpage\",\"url\":\"http:\/\/blog.visitmatsumoto.com\/fr\/access\/\",\"name\":\"Acc\\u00e8s | Visiter Matsumoto\",\"isPartOf\":{\"@id\":\"https:\/\/blog.visitmatsumoto.com\/zh-hant\/#website\"},\"primaryImageOfPage\":{\"@id\":\"http:\/\/blog.visitmatsumoto.com\/fr\/access\/#primaryimage\"},\"datePublished\":\"2018-03-11T13:07:26+00:00\",\"dateModified\":\"2018-11-12T03:04:23+00:00\",\"description\":\"\\u677e\\u672c\\u5e02\\u516c\\u5f0f\\u89b3\\u5149\\u60c5\\u5831\\u30dd\\u30fc\\u30bf\\u30eb\\u30b5\\u30a4\\u30c8 \\u300c\\u65b0\\u307e\\u3064\\u3082\\u3068\\u7269\\u8a9e\\u300d\\u3067\\u3059\\u3002\\u677e\\u672c\\u5e02\\u307e\\u3067\\u306e\\u884c\\u304d\\u65b9\\u3092\\u7d39\\u4ecb\\u3059\\u308b\\u30a2\\u30af\\u30bb\\u30b9\\u30da\\u30fc\\u30b8\\u3067\\u3059\\u3002\\u4fe1\\u5dde\\u30fb\\u677e\\u672c\\u306e\\u65c5\\u306a\\u3089\\u300c\\u65b0\\u307e\\u3064\\u3082\\u3068\\u7269\\u8a9e\\u300d\\u3092\\u3054\\u89a7\\u304f\\u3060\\u3055\\u3044\\u3002\",\"breadcrumb\":{\"@id\":\"http:\/\/blog.visitmatsumoto.com\/fr\/access\/#breadcrumb\"},\"inLanguage\":\"fr-FR\",\"potentialAction\":[{\"@type\":\"ReadAction\",\"target\":[\"http:\/\/blog.visitmatsumoto.com\/fr\/access\/\"]}]},{\"@type\":\"BreadcrumbList\",\"@id\":\"http:\/\/blog.visitmatsumoto.com\/fr\/access\/#breadcrumb\",\"itemListElement\":[{\"@type\":\"ListItem\",\"position\":1,\"item\":{\"@type\":\"WebPage\",\"@id\":\"http:\/\/blog.visitmatsumoto.com\/fr\/access\/\",\"url\":\"http:\/\/blog.visitmatsumoto.com\/fr\/access\/\",\"name\":\"Acc\\u00e8s\"}}]}]}<\/script>\n<!-- \/ Yoast SEO plugin. -->","jetpack-related-posts":[{"id":271771,"url":"http:\/\/blog.visitmatsumoto.com\/fr\/privacy-policy\/","url_meta":{"origin":83726,"position":0},"title":"Politique de confidentialit\u00e9 pour Visit Matsumoto Project","date":"2019.7.13","format":false,"excerpt":"Sur Visit Matsumoto, accessible \u00e0 partir de http:\/\/test.visitmatsumoto.com, l\u2019une de nos principales priorit\u00e9s est la protection de la vie priv\u00e9e de nos utilisateurs. Ce document de politique de confidentialit\u00e9 contient les types d\u2019informations collect\u00e9es et enregistr\u00e9es par Visit Matsumoto et leurs utilisations. Si vous avez des questions suppl\u00e9mentaires, ou si\u2026","rel":"","context":"Article similaire","img":{"alt_text":"","src":"","width":0,"height":0},"classes":[]},{"id":79925,"url":"http:\/\/blog.visitmatsumoto.com\/fr\/reasons\/","url_meta":{"origin":83726,"position":1},"title":"Les raisons de visiter Matsumoto","date":"2018.3.14","format":false,"excerpt":"Le Ch\u00e2teau de Matsumoto \u2013 Patrimoine Culturel Construit il y a plus de 400 ans, le ch\u00e2teau de Matsumoto est le plus ancien ch\u00e2teau \u00e0 six \u00e9tages du Japon ayant conserv\u00e9 son donjon original en bois et fait partie des quatre ch\u00e2teaux du Japon (avec Himeji, Hikone et Inuyama) d\u00e9sign\u00e9s\u2026","rel":"","context":"Article similaire","img":{"alt_text":"","src":"https:\/\/i1.wp.com\/blog.visitmatsumoto.com\/wp-content\/uploads\/2018\/03\/pic_heroimage_sightseeing-2.jpg?fit=1200%2C600&resize=350%2C200","width":350,"height":200},"classes":[]},{"id":83806,"url":"http:\/\/blog.visitmatsumoto.com\/fr\/access\/by-train-and-buses\/from-shinjuku-tokyo-station\/","url_meta":{"origin":83726,"position":2},"title":"Au d\u00e9part des Gare de Shinjuku \/ Tokyo (Gare de Nagano)","date":"2018.3.11","format":false,"excerpt":"Par le train Limited Express Gare de Shinjuku \u2014 Gare de Matsumoto JR Ltd. Exp. Super Azusa ou \u201cAzusa\u201d 2h40 ou 3h00 6\u2009380\u2009\u00a5 places non r\u00e9serv\u00e9es \u201cAzusa\u201d porte le nom de la rivi\u00e8re qui traverse Matsumoto depuis Kamikochi. Le train passe par la r\u00e9gion du Mont Fuji. Il y a\u2026","rel":"","context":"Article similaire","img":{"alt_text":"","src":"","width":0,"height":0},"classes":[]},{"id":83794,"url":"http:\/\/blog.visitmatsumoto.com\/fr\/access\/by-train-and-buses\/from-narita-haneda-airport\/","url_meta":{"origin":83726,"position":3},"title":"Au d\u00e9part des a\u00e9roports de Narita et d\u2019Haneda","date":"2018.3.11","format":false,"excerpt":"Direct A\u00e9roport de Narita \u2014 Matsumoto (votre h\u00f4tel) Navette a\u00e9roport Chuo Taxi 4h30 13\u2009900\u2009\u00a5 A\u00e9roport d\u2019Haneda \u2014 Matsumoto (votre h\u00f4tel) Navette a\u00e9roport Chuo Taxi 4h00 12\u2009900\u2009\u00a5 Navette a\u00e9roport Alpico Taxi 4h00 10\u2009500\u2009\u00a5 Chuo Taxi: R\u00e9servez un taxi par t\u00e9l\u00e9phone ou sur internet au moins 5 jours avant votre d\u00e9part afin\u2026","rel":"","context":"Article similaire","img":{"alt_text":"","src":"","width":0,"height":0},"classes":[]},{"id":83975,"url":"http:\/\/blog.visitmatsumoto.com\/fr\/access\/by-train-and-buses\/from-hakuba\/","url_meta":{"origin":83726,"position":4},"title":"A partir de Hakuba","date":"2018.3.11","format":false,"excerpt":"Par bus Express Terminal de Bus de Hakuba Happo \u2014 Hakuba Station \u2014 Matsumoto Bus Terminal Bus Alpico 2h10 1\u2009800\u2009\u00a5 Par train local Gare de Hakuba \u2014 Matsumoto Sta (JR Oito Line) Ltd. Exp. Azusa 1h10 une fois par jour 2\u2009320\u2009\u00a5 place non r\u00e9serv\u00e9es Ligne locale entre 1h40 et 2h30\u2026","rel":"","context":"Article similaire","img":{"alt_text":"","src":"","width":0,"height":0},"classes":[]},{"id":83818,"url":"http:\/\/blog.visitmatsumoto.com\/fr\/access\/by-train-and-buses\/from-osaka-kyoto\/","url_meta":{"origin":83726,"position":5},"title":"Au d\u00e9part d\u2019Osaka et de Kyoto","date":"2018.3.11","format":false,"excerpt":"Par Train \u00e0 Grande Vitesse et Limited Express Gare de Shin-Osaka \u2014 Gare de Nagoya Hikari\/Kodama\/Nozomi* Shinkansen (Train \u00e0 Grande Vitesse) 0h50 5\u2009830\u2009\u00a5 places non r\u00e9serv\u00e9es Gare de Kyoto \u2014 Gare de Nagoya Hikari\/Kodama\/Nozomi* Shinkansen (Train \u00e0 Grande Vitesse) 0h40 5\u2009070\u2009\u00a5 Gare de Nagoya \u2014 Gare de Matsumoto JR Ltd.\u2026","rel":"","context":"Article similaire","img":{"alt_text":"","src":"","width":0,"height":0},"classes":[]}],"jetpack_sharing_enabled":true,"_links":{"self":[{"href":"http:\/\/blog.visitmatsumoto.com\/fr\/wp-json\/wp\/v2\/pages\/83726"}],"collection":[{"href":"http:\/\/blog.visitmatsumoto.com\/fr\/wp-json\/wp\/v2\/pages"}],"about":[{"href":"http:\/\/blog.visitmatsumoto.com\/fr\/wp-json\/wp\/v2\/types\/page"}],"author":[{"embeddable":true,"href":"http:\/\/blog.visitmatsumoto.com\/fr\/wp-json\/wp\/v2\/users\/1"}],"replies":[{"embeddable":true,"href":"http:\/\/blog.visitmatsumoto.com\/fr\/wp-json\/wp\/v2\/comments?post=83726"}],"version-history":[{"count":10,"href":"http:\/\/blog.visitmatsumoto.com\/fr\/wp-json\/wp\/v2\/pages\/83726\/revisions"}],"predecessor-version":[{"id":191600,"href":"http:\/\/blog.visitmatsumoto.com\/fr\/wp-json\/wp\/v2\/pages\/83726\/revisions\/191600"}],"wp:featuredmedia":[{"embeddable":true,"href":"http:\/\/blog.visitmatsumoto.com\/fr\/wp-json\/wp\/v2\/media\/76326"}],"wp:attachment":[{"href":"http:\/\/blog.visitmatsumoto.com\/fr\/wp-json\/wp\/v2\/media?parent=83726"}],"curies":[{"name":"wp","href":"https:\/\/api.w.org\/{rel}","templated":true}]}}