{"id":27651,"date":"2018-03-08T00:48:34","date_gmt":"2018-03-07T15:48:34","guid":{"rendered":"https:\/\/visitmatsumoto.com\/top\/"},"modified":"2023-06-14T13:16:42","modified_gmt":"2023-06-14T04:16:42","slug":"top","status":"publish","type":"page","link":"https:\/\/blog.visitmatsumoto.com\/de\/","title":{"rendered":"TOP"},"content":{"rendered":"","protected":false},"excerpt":{"rendered":"","protected":false},"author":1,"featured_media":0,"parent":0,"menu_order":10,"comment_status":"closed","ping_status":"closed","template":"","meta":{"ngg_post_thumbnail":0,"inline_featured_image":false,"spay_email":""},"yoast_head":"<!-- This site is optimized with the Yoast SEO plugin v15.9.2 - https:\/\/yoast.com\/wordpress\/plugins\/seo\/ -->\n<title>Willkommen in Matsumoto | Offizielle Tourismusinformation f\u00fcr &quot;Matsumoto&quot; in Nagano\/Japan<\/title>\n<meta name=\"description\" content=\"Dies ist das offizielle Reiseinformations-Portal der Stadt Matsumoto. Sie k\u00f6nnen hier Events, Ausflugsziele und Informationen finden, die Ihnen bei der Planung Ihre Reise helfen sollen. Sie erhalten Insider-Informationen zur Matsumoto Burg, \u00fcber Kamikochi, Bergsteigen, historische Pl\u00e4tze, die Kirschbl\u00fcten-Vorhersage und vieles mehr!\" \/>\n<meta name=\"robots\" content=\"index, follow, max-snippet:-1, max-image-preview:large, max-video-preview:-1\" \/>\n<link rel=\"canonical\" href=\"https:\/\/blog.visitmatsumoto.com\/de\/\" \/>\n<meta property=\"og:locale\" content=\"de_DE\" \/>\n<meta property=\"og:type\" content=\"article\" \/>\n<meta property=\"og:title\" content=\"Willkommen in Matsumoto | Offizielle Tourismusinformation f\u00fcr &quot;Matsumoto&quot; in Nagano\/Japan\" \/>\n<meta property=\"og:description\" content=\"Dies ist das offizielle Reiseinformations-Portal der Stadt Matsumoto. Sie k\u00f6nnen hier Events, Ausflugsziele und Informationen finden, die Ihnen bei der Planung Ihre Reise helfen sollen. Sie erhalten Insider-Informationen zur Matsumoto Burg, \u00fcber Kamikochi, Bergsteigen, historische Pl\u00e4tze, die Kirschbl\u00fcten-Vorhersage und vieles mehr!\" \/>\n<meta property=\"og:url\" content=\"https:\/\/blog.visitmatsumoto.com\/de\/\" \/>\n<meta property=\"og:site_name\" content=\"Willkommen in Matsumoto\" \/>\n<meta property=\"article:modified_time\" content=\"2023-06-14T04:16:42+00:00\" \/>\n<meta property=\"og:image\" content=\"https:\/\/blog.visitmatsumoto.com\/wp-content\/uploads\/2018\/03\/ogi_shinmatsu-1024x712.png\" \/>\n\t<meta property=\"og:image:width\" content=\"1024\" \/>\n\t<meta property=\"og:image:height\" content=\"712\" \/>\n<meta name=\"twitter:card\" content=\"summary_large_image\" \/>\n<script type=\"application\/ld+json\" class=\"yoast-schema-graph\">{\"@context\":\"https:\/\/schema.org\",\"@graph\":[{\"@type\":\"WebSite\",\"@id\":\"https:\/\/blog.visitmatsumoto.com\/zh-hant\/#website\",\"url\":\"https:\/\/blog.visitmatsumoto.com\/zh-hant\/\",\"name\":\"Willkommen in Matsumoto\",\"description\":\"Offizielle Tourismusinformation f\\u00fcr &quot;Matsumoto&quot; in Nagano\/Japan\",\"potentialAction\":[{\"@type\":\"SearchAction\",\"target\":\"https:\/\/blog.visitmatsumoto.com\/zh-hant\/?s={search_term_string}\",\"query-input\":\"required name=search_term_string\"}],\"inLanguage\":\"de\"},{\"@type\":\"WebPage\",\"@id\":\"https:\/\/blog.visitmatsumoto.com\/de\/#webpage\",\"url\":\"https:\/\/blog.visitmatsumoto.com\/de\/\",\"name\":\"Willkommen in Matsumoto | Offizielle Tourismusinformation f\\u00fcr \\\"Matsumoto\\\" in Nagano\/Japan\",\"isPartOf\":{\"@id\":\"https:\/\/blog.visitmatsumoto.com\/zh-hant\/#website\"},\"datePublished\":\"2018-03-07T15:48:34+00:00\",\"dateModified\":\"2023-06-14T04:16:42+00:00\",\"description\":\"Dies ist das offizielle Reiseinformations-Portal der Stadt Matsumoto. Sie k\\u00f6nnen hier Events, Ausflugsziele und Informationen finden, die Ihnen bei der Planung Ihre Reise helfen sollen. Sie erhalten Insider-Informationen zur Matsumoto Burg, \\u00fcber Kamikochi, Bergsteigen, historische Pl\\u00e4tze, die Kirschbl\\u00fcten-Vorhersage und vieles mehr!\",\"breadcrumb\":{\"@id\":\"https:\/\/blog.visitmatsumoto.com\/de\/#breadcrumb\"},\"inLanguage\":\"de\",\"potentialAction\":[{\"@type\":\"ReadAction\",\"target\":[\"https:\/\/blog.visitmatsumoto.com\/de\/\"]}]},{\"@type\":\"BreadcrumbList\",\"@id\":\"https:\/\/blog.visitmatsumoto.com\/de\/#breadcrumb\",\"itemListElement\":[{\"@type\":\"ListItem\",\"position\":1,\"item\":{\"@type\":\"WebPage\",\"@id\":\"https:\/\/blog.visitmatsumoto.com\/de\/\",\"url\":\"https:\/\/blog.visitmatsumoto.com\/de\/\",\"name\":\"TOP\"}}]}]}<\/script>\n<!-- \/ Yoast SEO plugin. -->","jetpack-related-posts":[{"id":27652,"url":"https:\/\/blog.visitmatsumoto.com\/ko\/top\/","url_meta":{"origin":27651,"position":0},"title":"TOP","date":"2018.3.8","format":false,"excerpt":"","rel":"","context":"\u00c4hnlicher Beitrag","img":{"alt_text":"","src":"","width":0,"height":0},"classes":[]},{"id":27649,"url":"https:\/\/blog.visitmatsumoto.com\/en\/top\/","url_meta":{"origin":27651,"position":1},"title":"TOP","date":"2018.3.8","format":false,"excerpt":"","rel":"","context":"\u00c4hnlicher Beitrag","img":{"alt_text":"","src":"","width":0,"height":0},"classes":[]},{"id":27650,"url":"https:\/\/blog.visitmatsumoto.com\/fr\/top\/","url_meta":{"origin":27651,"position":2},"title":"TOP","date":"2018.3.8","format":false,"excerpt":"","rel":"","context":"\u00c4hnlicher Beitrag","img":{"alt_text":"","src":"","width":0,"height":0},"classes":[]},{"id":27653,"url":"https:\/\/blog.visitmatsumoto.com\/ru\/top\/","url_meta":{"origin":27651,"position":3},"title":"TOP","date":"2018.3.8","format":false,"excerpt":"","rel":"","context":"\u00c4hnlicher Beitrag","img":{"alt_text":"","src":"","width":0,"height":0},"classes":[]},{"id":27654,"url":"https:\/\/blog.visitmatsumoto.com\/th\/top\/","url_meta":{"origin":27651,"position":4},"title":"TOP","date":"2018.3.8","format":false,"excerpt":"","rel":"","context":"\u00c4hnlicher Beitrag","img":{"alt_text":"","src":"","width":0,"height":0},"classes":[]},{"id":27835,"url":"https:\/\/blog.visitmatsumoto.com\/ko\/top\/history\/","url_meta":{"origin":27651,"position":5},"title":"\uc5ed\uc0ac","date":"2018.3.8","format":false,"excerpt":"","rel":"","context":"\u00c4hnlicher Beitrag","img":{"alt_text":"","src":"","width":0,"height":0},"classes":[]}],"jetpack_sharing_enabled":true,"_links":{"self":[{"href":"https:\/\/blog.visitmatsumoto.com\/de\/wp-json\/wp\/v2\/pages\/27651"}],"collection":[{"href":"https:\/\/blog.visitmatsumoto.com\/de\/wp-json\/wp\/v2\/pages"}],"about":[{"href":"https:\/\/blog.visitmatsumoto.com\/de\/wp-json\/wp\/v2\/types\/page"}],"author":[{"embeddable":true,"href":"https:\/\/blog.visitmatsumoto.com\/de\/wp-json\/wp\/v2\/users\/1"}],"replies":[{"embeddable":true,"href":"https:\/\/blog.visitmatsumoto.com\/de\/wp-json\/wp\/v2\/comments?post=27651"}],"version-history":[{"count":8,"href":"https:\/\/blog.visitmatsumoto.com\/de\/wp-json\/wp\/v2\/pages\/27651\/revisions"}],"predecessor-version":[{"id":576525,"href":"https:\/\/blog.visitmatsumoto.com\/de\/wp-json\/wp\/v2\/pages\/27651\/revisions\/576525"}],"wp:attachment":[{"href":"https:\/\/blog.visitmatsumoto.com\/de\/wp-json\/wp\/v2\/media?parent=27651"}],"curies":[{"name":"wp","href":"https:\/\/api.w.org\/{rel}","templated":true}]}}