{"id":271769,"date":"2019-07-13T12:16:16","date_gmt":"2019-07-13T03:16:16","guid":{"rendered":"https:\/\/visitmatsumoto.com\/?page_id=271769"},"modified":"2019-08-23T18:01:56","modified_gmt":"2019-08-23T09:01:56","slug":"privacy-policy","status":"publish","type":"page","link":"https:\/\/blog.visitmatsumoto.com\/en\/privacy-policy\/","title":{"rendered":"Privacy Policy for Visit Matsumoto Project"},"content":{"rendered":"<p>At Visit Matsumoto, accessible from http:\/\/test.visitmatsumoto.com, one of our main priorities is the privacy of our visitors. This Privacy Policy document contains the types of information that is collected and recorded by Visit Matsumoto and how we use it.<\/p>\n<p>If you have additional questions or require more information about our Privacy Policy, do not hesitate to contact us through email at webmaster@visitmatsumoto.com<\/p>\n<h2>General Data Protection Regulation (GDPR)<\/h2>\n<p>We are a Data Controller of your information.<\/p>\n<p>Visit Matsumoto Project&#8217;s legal basis for collecting and using the personal information described in this Privacy Policy depends on the Personal Information we collect and the specific context in which we collect the information:<\/p>\n<ul>\n<li>Visit Matsumoto Project needs to enter into a contract with you<\/li>\n<li>You have given Visit Matsumoto Project permission to do so<\/li>\n<li>Processing your personal information is necessary to protect Visit Matsumoto Project legitimate business interests and legal rights<\/li>\n<li>Visit Matsumoto Project needs to comply with the law<\/li>\n<\/ul>\n<p>Visit Matsumoto Project will retain your personal information only for as long as is necessary for the purposes set out in this Privacy Policy. We will retain and use your information to the extent necessary to comply with our legal obligations, resolve disputes, and enforce our policies.&nbsp;<\/p>\n<p>If you are a resident of the European Economic Area (EEA), you have certain data protection rights. If you wish to be informed of what Personal Information we hold about you and if you want it to be removed from our systems, please contact us.<\/p>\n<p>In certain circumstances, you have the following data protection rights:<\/p>\n<ul>\n<li>The right to access, update, or delete the information we have on you<\/li>\n<li>The right of rectification<\/li>\n<li>The right to object<\/li>\n<li>The right of restriction<\/li>\n<li>The right to data portability<\/li>\n<li>The right to withdraw consent<\/li>\n<\/ul>\n<h2>Log Files<\/h2>\n<p>Visit Matsumoto follows a standard procedure when using log files. These files create records of visitors when they visit websites. All hosting companies do this as part of hosting services&#8217; analytics. The information collected by log files include internet protocol (IP) address, browser type, Internet Service Provider (ISP), date and time stamp, referring\/exit pages, and possibly the number of clicks. These are not linked to any personally identifiable information. The purpose of the information is for analyzing trends, administering the site, tracking users&#8217; movements on the website, and gathering demographic information.<\/p>\n<h2>Google DoubleClick DART Cookie<\/h2>\n<p>Google is one of the third-party vendor on our site. It also uses cookies, known as DART cookies, to serve ads to our site visitors based upon their visit to <a href=\"http:\/\/test.visitmatsumoto.com\">http:\/\/test.visitmatsumoto.com<\/a> and other sites on the internet. However, visitors may choose to decline the use of DART cookies by visiting the Google ad and content network Privacy Policy at the following URL \u2013 <a href=\"https:\/\/policies.google.com\/technologies\/ads\">https:\/\/policies.google.com\/technologies\/ads<\/a><\/p>\n<h2>Our Advertising Partners<\/h2>\n<p>Some of the advertisers on our site may use cookies and web beacons. Our advertising partners are listed below. Each of our advertising partners has its own Privacy Policy for respective policies on user data. For easier access, the link(s) to their Privacy Policies are listed below.<\/p>\n<ul>\n<li>Google <a href=\"https:\/\/policies.google.com\/technologies\/ads\">https:\/\/policies.google.com\/technologies\/ads<\/a><\/li>\n<\/ul>\n<h2>Privacy Policies<\/h2>\n<p>You may consult this list to find the Privacy Policy for each of the advertising partners of Visit Matsumoto.<\/p>\n<p>Third-party ad servers or ad networks use technologies like cookies, JavaScript, or Web Beacons in their respective advertisements and links that appear on Visit Matsumoto, which are sent directly to users&#8217; browsers. They automatically receive your IP address when this occurs. These technologies are used to measure the effectiveness of their advertising campaigns and\/or to personalize the advertising content that you see on websites that you visit.<\/p>\n<p>Note that Visit Matsumoto has no access to or control over these cookies that are used by third-party advertisers.<\/p>\n<h2>Third Party Privacy Policies<\/h2>\n<p>Visit Matsumoto&#8217;s Privacy Policy does not apply to other advertisers or websites. Thus, we are advising you to consult the respective Privacy Policies of these third-party ad servers for more detailed information. Their policies may include their practices and instructions about how to opt-out of certain options. You may find a complete list of these Privacy Policies and their links here: Privacy Policy Links.<\/p>\n<p>You can choose to disable cookies through your individual browser settings. To learn more about cookie management with specific web browsers, check the browsers&#8217; respective websites.<\/p>\n<h2>Children&#8217;s Information<\/h2>\n<p>Another one of our priorities is adding protection for children using the internet. We encourage parents and guardians to observe, participate in, and\/or monitor and guide their children&#8217;s online activity.<\/p>\n<p>Visit Matsumoto does not knowingly collect any Personally Identifiable Information from children under the age of 13. If you think that your child provided this kind of information on our website, we strongly encourage you to contact us immediately and we will do our best to promptly remove such information from our records.<\/p>\n<h2>Privacy Policy Applicable for Online Activity Only<\/h2>\n<p>Our Privacy Policy applies only to our online activities and is applies to visitors to our website with regards to the information that they shared and\/or the information that was collected on Visit Matsumoto. This policy is not applicable to any information collected offline or via channels other than this website.<\/p>\n<h2>Consent<\/h2>\n<p>By using our website, you hereby consent to our Privacy Policy and agree to its terms.<\/p>\n","protected":false},"excerpt":{"rendered":"<p>At Visit Matsumoto, accessible from http:\/\/test.visitmatsumoto.com, one of our main priorities is the privacy of our visitors. This Privacy Policy document contains the types of information that is collected and recorded by Visit Matsumoto and how we use it. If you have additional questions or require more information about our Privacy Policy, do not hesitate to contact us through email at webmaster@visitmatsumoto.com General Data Protection Regulation (GDPR) We are a Data Controller of your information. Visit Matsumoto Project&#8217;s legal basis for collecting and using the personal information described in this Privacy Policy depends on the Personal Information we collect and the specific context in which we collect the information: Visit [&hellip;]<\/p>\n","protected":false},"author":1,"featured_media":0,"parent":0,"menu_order":13,"comment_status":"closed","ping_status":"closed","template":"","meta":{"ngg_post_thumbnail":0,"inline_featured_image":false,"spay_email":""},"yoast_head":"<!-- This site is optimized with the Yoast SEO plugin v15.9.2 - https:\/\/yoast.com\/wordpress\/plugins\/seo\/ -->\n<title>Privacy Policy for Visit Matsumoto Project | Visit Matsumoto<\/title>\n<meta name=\"description\" content=\"At Visit Matsumoto, accessible from http:\/\/test.visitmatsumoto.com, one of our main priorities is the privacy of our visitors. This Privacy Policy\" \/>\n<meta name=\"robots\" content=\"index, follow, max-snippet:-1, max-image-preview:large, max-video-preview:-1\" \/>\n<link rel=\"canonical\" href=\"https:\/\/blog.visitmatsumoto.com\/en\/privacy-policy\/\" \/>\n<meta property=\"og:locale\" content=\"en_US\" \/>\n<meta property=\"og:type\" content=\"article\" \/>\n<meta property=\"og:title\" content=\"Privacy Policy for Visit Matsumoto Project | Visit Matsumoto\" \/>\n<meta property=\"og:description\" content=\"At Visit Matsumoto, accessible from http:\/\/test.visitmatsumoto.com, one of our main priorities is the privacy of our visitors. This Privacy Policy\" \/>\n<meta property=\"og:url\" content=\"https:\/\/blog.visitmatsumoto.com\/en\/privacy-policy\/\" \/>\n<meta property=\"og:site_name\" content=\"Visit Matsumoto\" \/>\n<meta property=\"article:modified_time\" content=\"2019-08-23T09:01:56+00:00\" \/>\n<meta property=\"og:image\" content=\"https:\/\/blog.visitmatsumoto.com\/wp-content\/uploads\/2018\/03\/ogi_shinmatsu-1024x712.png\" \/>\n\t<meta property=\"og:image:width\" content=\"1024\" \/>\n\t<meta property=\"og:image:height\" content=\"712\" \/>\n<meta name=\"twitter:card\" content=\"summary_large_image\" \/>\n<meta name=\"twitter:label1\" content=\"Est. reading time\">\n\t<meta name=\"twitter:data1\" content=\"4 minutes\">\n<script type=\"application\/ld+json\" class=\"yoast-schema-graph\">{\"@context\":\"https:\/\/schema.org\",\"@graph\":[{\"@type\":\"WebSite\",\"@id\":\"https:\/\/blog.visitmatsumoto.com\/zh-hant\/#website\",\"url\":\"https:\/\/blog.visitmatsumoto.com\/zh-hant\/\",\"name\":\"Visit Matsumoto\",\"description\":\"The Official Travel Guide of Matsumoto, Nagano, Japan\",\"potentialAction\":[{\"@type\":\"SearchAction\",\"target\":\"https:\/\/blog.visitmatsumoto.com\/zh-hant\/?s={search_term_string}\",\"query-input\":\"required name=search_term_string\"}],\"inLanguage\":\"en-US\"},{\"@type\":\"WebPage\",\"@id\":\"https:\/\/blog.visitmatsumoto.com\/en\/privacy-policy\/#webpage\",\"url\":\"https:\/\/blog.visitmatsumoto.com\/en\/privacy-policy\/\",\"name\":\"Privacy Policy for Visit Matsumoto Project | Visit Matsumoto\",\"isPartOf\":{\"@id\":\"https:\/\/blog.visitmatsumoto.com\/zh-hant\/#website\"},\"datePublished\":\"2019-07-13T03:16:16+00:00\",\"dateModified\":\"2019-08-23T09:01:56+00:00\",\"description\":\"At Visit Matsumoto, accessible from http:\/\/test.visitmatsumoto.com, one of our main priorities is the privacy of our visitors. This Privacy Policy\",\"breadcrumb\":{\"@id\":\"https:\/\/blog.visitmatsumoto.com\/en\/privacy-policy\/#breadcrumb\"},\"inLanguage\":\"en-US\",\"potentialAction\":[{\"@type\":\"ReadAction\",\"target\":[\"https:\/\/blog.visitmatsumoto.com\/en\/privacy-policy\/\"]}]},{\"@type\":\"BreadcrumbList\",\"@id\":\"https:\/\/blog.visitmatsumoto.com\/en\/privacy-policy\/#breadcrumb\",\"itemListElement\":[{\"@type\":\"ListItem\",\"position\":1,\"item\":{\"@type\":\"WebPage\",\"@id\":\"https:\/\/blog.visitmatsumoto.com\/en\/privacy-policy\/\",\"url\":\"https:\/\/blog.visitmatsumoto.com\/en\/privacy-policy\/\",\"name\":\"Privacy Policy for Visit Matsumoto Project\"}}]}]}<\/script>\n<!-- \/ Yoast SEO plugin. -->","jetpack-related-posts":[{"id":65598,"url":"https:\/\/blog.visitmatsumoto.com\/en\/access\/by-car\/","url_meta":{"origin":271769,"position":0},"title":"By Car","date":"2018.3.11","format":false,"excerpt":"Accessing the more remote areas of Nagano becomes much easier with a car. A license that is valid IN JAPAN plus a Japanese translation of that license OR an International Driving Permit are required to drive in Japan. Car rental services are available at Narita Airport, Haneda Airport, Kansai International\u2026","rel":"","context":"Similar post","img":{"alt_text":"","src":"","width":0,"height":0},"classes":[]},{"id":70641,"url":"https:\/\/blog.visitmatsumoto.com\/en\/reasons\/","url_meta":{"origin":271769,"position":1},"title":"Reasons to Visit Matsumoto","date":"2018.3.14","format":false,"excerpt":"Japan's Oldest Castle Trace the footsteps of the samurai at Matsumoto Castle Built over 400 years ago, this six-story castle still retains its original wooden structure. Walk through the castle\u2019s halls, climb to the top of the tower, and imagine life as it might have been as you take in\u2026","rel":"","context":"Similar post","img":{"alt_text":"","src":"https:\/\/i1.wp.com\/blog.visitmatsumoto.com\/wp-content\/uploads\/2018\/03\/pic_heroimage_sightseeing-2.jpg?fit=1200%2C600&ssl=1&resize=350%2C200","width":350,"height":200},"classes":[]},{"id":271771,"url":"https:\/\/blog.visitmatsumoto.com\/fr\/privacy-policy\/","url_meta":{"origin":271769,"position":2},"title":"Politique de confidentialit\u00e9 pour Visit Matsumoto Project","date":"2019.7.13","format":false,"excerpt":"Sur Visit Matsumoto, accessible \u00e0 partir de http:\/\/test.visitmatsumoto.com, l\u2019une de nos principales priorit\u00e9s est la protection de la vie priv\u00e9e de nos utilisateurs. Ce document de politique de confidentialit\u00e9 contient les types d\u2019informations collect\u00e9es et enregistr\u00e9es par Visit Matsumoto et leurs utilisations. Si vous avez des questions suppl\u00e9mentaires, ou si\u2026","rel":"","context":"Similar post","img":{"alt_text":"","src":"","width":0,"height":0},"classes":[]},{"id":83992,"url":"https:\/\/blog.visitmatsumoto.com\/fr\/access\/by-car\/","url_meta":{"origin":271769,"position":3},"title":"En voiture (Anglais)","date":"2018.3.11","format":false,"excerpt":"Accessing the more remote areas of Nagano becomes much easier with a car. A license that is valid IN JAPAN plus a Japanese translation of that license OR an International Driving Permit are required to drive in Japan. Car rental services are available at Narita Airport, Haneda Airport, Kansai International\u2026","rel":"","context":"Similar post","img":{"alt_text":"","src":"","width":0,"height":0},"classes":[]},{"id":144656,"url":"https:\/\/blog.visitmatsumoto.com\/fr\/aboutus\/","url_meta":{"origin":271769,"position":4},"title":"A propos du site (Anglais)","date":"2018.3.11","format":false,"excerpt":"This is the official tourism website of Matsumoto City.\u3000Planning, creation, and management are conducted by the Visit Matsumoto Project, comprised of residents of Matsumoto, in conjunction with the local government. These residents came together in order to share the magic of Matsumoto with others and make your time in the\u2026","rel":"","context":"Similar post","img":{"alt_text":"","src":"https:\/\/i2.wp.com\/visitmatsumoto.com\/wp-content\/uploads\/2018\/06\/IMG_2078-300x278.jpg?resize=350%2C200&ssl=1","width":350,"height":200},"classes":[]},{"id":137427,"url":"https:\/\/blog.visitmatsumoto.com\/en\/aboutus\/","url_meta":{"origin":271769,"position":5},"title":"About Us","date":"2018.3.11","format":false,"excerpt":"This is the official tourism website of Matsumoto City.\u3000Planning, creation, and management are conducted by the Visit Matsumoto Project, comprised of residents of Matsumoto, in conjunction with the local government. These residents came together in order to share the magic of Matsumoto with others and make your time in the\u2026","rel":"","context":"Similar post","img":{"alt_text":"","src":"https:\/\/i2.wp.com\/visitmatsumoto.com\/wp-content\/uploads\/2018\/06\/IMG_2078-300x278.jpg?resize=350%2C200&ssl=1","width":350,"height":200},"classes":[]}],"jetpack_sharing_enabled":true,"_links":{"self":[{"href":"https:\/\/blog.visitmatsumoto.com\/en\/wp-json\/wp\/v2\/pages\/271769"}],"collection":[{"href":"https:\/\/blog.visitmatsumoto.com\/en\/wp-json\/wp\/v2\/pages"}],"about":[{"href":"https:\/\/blog.visitmatsumoto.com\/en\/wp-json\/wp\/v2\/types\/page"}],"author":[{"embeddable":true,"href":"https:\/\/blog.visitmatsumoto.com\/en\/wp-json\/wp\/v2\/users\/1"}],"replies":[{"embeddable":true,"href":"https:\/\/blog.visitmatsumoto.com\/en\/wp-json\/wp\/v2\/comments?post=271769"}],"version-history":[{"count":4,"href":"https:\/\/blog.visitmatsumoto.com\/en\/wp-json\/wp\/v2\/pages\/271769\/revisions"}],"predecessor-version":[{"id":280524,"href":"https:\/\/blog.visitmatsumoto.com\/en\/wp-json\/wp\/v2\/pages\/271769\/revisions\/280524"}],"wp:attachment":[{"href":"https:\/\/blog.visitmatsumoto.com\/en\/wp-json\/wp\/v2\/media?parent=271769"}],"curies":[{"name":"wp","href":"https:\/\/api.w.org\/{rel}","templated":true}]}}