{"id":271771,"date":"2019-07-13T12:25:55","date_gmt":"2019-07-13T03:25:55","guid":{"rendered":"https:\/\/visitmatsumoto.com\/?page_id=271771"},"modified":"2019-08-23T10:57:10","modified_gmt":"2019-08-23T01:57:10","slug":"privacy-policy","status":"publish","type":"page","link":"https:\/\/blog.visitmatsumoto.com\/fr\/privacy-policy\/","title":{"rendered":"Politique de confidentialit\u00e9 pour Visit Matsumoto Project"},"content":{"rendered":"<p>Sur Visit Matsumoto, accessible \u00e0 partir de http:\/\/test.visitmatsumoto.com, l\u2019une de nos principales priorit\u00e9s est la protection de la vie priv\u00e9e de nos utilisateurs. Ce document de politique de confidentialit\u00e9 contient les types d\u2019informations collect\u00e9es et enregistr\u00e9es par Visit Matsumoto et leurs utilisations.<\/p>\n<p>Si vous avez des questions suppl\u00e9mentaires, ou si vous souhaitez obtenir plus d&rsquo;informations sur notre politique de confidentialit\u00e9, n&rsquo;h\u00e9sitez pas \u00e0 nous contacter par e-mail \u00e0 l&rsquo;adresse suivante: webmaster@visitmatsumoto.com.<\/p>\n<h2>R\u00e8glement g\u00e9n\u00e9ral sur la protection des donn\u00e9es (GDPR)<\/h2>\n<p>Nous g\u00e9rons les donn\u00e9es relatifs \u00e0 vos informations.<\/p>\n<p>Consultez le fondement juridique de&nbsp;Visit Matsumoto Project pour la collecte et l&rsquo;utilisation des informations personnelles, d\u00e9crites dans la pr\u00e9sente politique de confidentialit\u00e9, qui d\u00e9pend des informations personnelles que nous collectons et du contexte sp\u00e9cifique dans lequel nous collectons les informations:<\/p>\n<ul>\n<li>Visit Matsumoto Project a besoin d&rsquo;\u00e9tablir un contrat avec vous<\/li>\n<li>Vous avez donn\u00e9 l&rsquo;autorisation \u00e0 Visit Matsumoto Project de le faire<\/li>\n<li>Le traitement de vos informations personnelles se trouve dans les int\u00e9r\u00eats l\u00e9gitimes de Visit Matsumoto Project<\/li>\n<li>Visit Matsumoto Project doit se conformer \u00e0 la loi<\/li>\n<\/ul>\n<p>Visit Matsumoto Project ne conservera vos informations personnelles que le temps n\u00e9cessaire aux fins \u00e9nonc\u00e9es dans la pr\u00e9sente politique de confidentialit\u00e9. Nous conserverons et utiliserons vos informations dans la mesure n\u00e9cessaire pour nous conformer \u00e0 nos obligations l\u00e9gales, r\u00e9soudre les litiges et appliquer nos politiques.<\/p>\n<p>Si vous \u00eates r\u00e9sident de l&rsquo;Espace Economique Europ\u00e9en (EEE), vous disposez de certains droits de protection des donn\u00e9es. Si vous souhaitez \u00eatre inform\u00e9 des informations personnelles que nous d\u00e9tenons sur vous, et si vous souhaitez qu&rsquo;elles soient supprim\u00e9es de nos syst\u00e8mes, veuillez nous contacter.<\/p>\n<p>Dans certaines circonstances, vous disposez des droits de protection des donn\u00e9es comme suit:<\/p>\n<ul>\n<li>Le droit d&rsquo;acc\u00e9der, de mettre \u00e0 jour ou de supprimer les informations que nous avons sur vous.<\/li>\n<li>Le droit de rectification.<\/li>\n<li>Le droit de faire objection.<\/li>\n<li>Le droit de restriction.<\/li>\n<li>Le droit \u00e0 la portabilit\u00e9 des donn\u00e9es<\/li>\n<li>Le droit de retirer son consentement<\/li>\n<\/ul>\n<h2>Fichiers de consignations (Log Files)<\/h2>\n<p>Visit Matsumoto suit une proc\u00e9dure standard d\u2019utilisation des fichiers de consignations. Ces fichiers enregistrent les utilisateurs lorsqu&rsquo;ils visitent des sites Web. Toutes les soci\u00e9t\u00e9s d&rsquo;h\u00e9bergement le font, et utilisent les analyses des services d&rsquo;h\u00e9bergement. Les informations collect\u00e9es par les fichiers de consignations comprennent les adresses de protocole Internet (IP), le type de navigateur, le fournisseur d&rsquo;acc\u00e8s Internet (FAI), l&rsquo;horodatage de la date et de l&rsquo;heure, les pages de renvoi \/ de sortie et \u00e9ventuellement le nombre de clics. Celles-ci ne sont li\u00e9es \u00e0 aucune information personnellement identifiable. Les informations ont pour objectif d&rsquo;analyser les tendances, d&rsquo;administrer le site, de suivre les mouvements des utilisateurs sur le site Web et de collecter des informations d\u00e9mographiques.<\/p>\n<h2>Cookie DoubleClick DART Google<\/h2>\n<p>Google est l&rsquo;un des fournisseurs tiers sur notre site. Il utilise \u00e9galement des cookies, appel\u00e9s cookies DART, pour diffuser des annonces aux utilisateurs de notre site en fonction de leur visite sur www.website.com et d&rsquo;autres sites Internet. Toutefois, les visiteurs peuvent choisir de refuser l&rsquo;utilisation des cookies DART en visitant les r\u00e8gles de confidentialit\u00e9 de Google relatives aux annonces et au r\u00e9seau de contenu, \u00e0 l&rsquo;adresse suivante: <a href=\"https:\/\/policies.google.com\/technologies\/ads\">https:\/\/policies.google.com\/technologies\/ads<\/a>.<\/p>\n<h2>Nos partenaires publicitaires<\/h2>\n<p>Certains annonceurs sur notre site peuvent utiliser des cookies et des balises Web. Nos partenaires publicitaires sont list\u00e9s ci-dessous. Chacun de nos partenaires publicitaires a sa propre politique de confidentialit\u00e9 pour ses politiques de donn\u00e9es des utilisateurs. Pour un acc\u00e8s plus facile, veuillez consulter le lien hypertexte de leurs politiques de confidentialit\u00e9 ci-dessous.<\/p>\n<ul>\n<li>Google<br \/>\n<a href=\"https:\/\/policies.google.com\/technologies\/ads\" target=\"_blank\" rel=\"noopener noreferrer\">https:\/\/policies.google.com\/technologies\/ads<\/a><\/li>\n<\/ul>\n<h2>Les politiques de confidentialit\u00e9<\/h2>\n<p>Vous pouvez consulter cette liste pour trouver la politique de confidentialit\u00e9 de chacun des partenaires publicitaires de Visit Matsumoto.<\/p>\n<p>Les serveurs de publicit\u00e9, ou r\u00e9seaux publicitaires tiers, utilisent des technologies telles que les cookies, JavaScript ou les balises Web. Elles sont utilis\u00e9es dans leurs publicit\u00e9s respectives et les liens apparaissant sur Visit Matsumoto, qui sont envoy\u00e9s directement au navigateur de l&rsquo;utilisateur. Ils re\u00e7oivent automatiquement votre adresse IP lorsque cela se produit. Ces technologies sont utilis\u00e9es pour mesurer l&rsquo;efficacit\u00e9 de leurs campagnes publicitaires et \/ ou pour personnaliser le contenu publicitaire que vous voyez sur les sites Web que vous visitez.<\/p>\n<p>Notez que Visit Matsumoto n\u2019a aucun acc\u00e8s ni contr\u00f4le sur ces cookies utilis\u00e9s par des annonceurs tiers.<\/p>\n<h2>Politiques de confidentialit\u00e9 de tiers<\/h2>\n<p>La politique de confidentialit\u00e9 de Visit Matsumoto ne s&rsquo;applique pas aux autres annonceurs ni aux autres sites Web. Nous vous conseillons donc de consulter les r\u00e8gles de confidentialit\u00e9 respectives de ces serveurs de publicit\u00e9 tiers pour obtenir des informations plus d\u00e9taill\u00e9es. Cela peut inclure leurs pratiques ainsi que des instructions sur la fa\u00e7on de se retirer de certaines options. Vous trouverez une liste compl\u00e8te de ces politiques de confidentialit\u00e9 et de leurs liens ici: Liens de politique de confidentialit\u00e9.<\/p>\n<p>Vous pouvez choisir de d\u00e9sactiver les cookies dans les options de votre navigateur. Pour obtenir des informations plus d\u00e9taill\u00e9es sur la gestion des cookies avec des navigateurs Web sp\u00e9cifiques, veuillez vous rendre sur les sites Web respectifs des navigateurs.&nbsp;<\/p>\n<h2>Information sur les enfants<\/h2>\n<p>Une autre partie de notre priorit\u00e9 consiste \u00e0 ajouter une protection pour les enfants qui utilisent Internet. Nous encourageons les parents et les tuteurs \u00e0 observer, participer et \/ ou surveiller et guider leur activit\u00e9 en ligne.<\/p>\n<p>Visit Matsumoto ne collecte pas sciemment d\u2019informations personnelles identifiables d\u2019enfants de moins de 13 ans. Si vous pensez que votre enfant a fourni ce type d\u2019informations sur notre site Web, nous vous encourageons vivement \u00e0 nous contacter imm\u00e9diatement et ferons tout notre possible pour supprimer ces informations de nos archives.<\/p>\n<h2>Politique de confidentialit\u00e9 en ligne uniquement<\/h2>\n<p>Notre politique de confidentialit\u00e9 s&rsquo;applique uniquement \u00e0 nos activit\u00e9s en ligne et est valable pour les visiteurs de notre site Web, concernant uniquement les informations qu&rsquo;ils ont partag\u00e9es et \/ ou collect\u00e9es sur Visit Matsumoto. Cette politique ne s&rsquo;applique pas aux informations collect\u00e9es hors ligne ou via des canaux autres que ce site.<\/p>\n<h2>Consentement<\/h2>\n<p>En utilisant notre site Web, vous acceptez par les pr\u00e9sentes notre politique de confidentialit\u00e9 et en acceptez les termes.<\/p>\n","protected":false},"excerpt":{"rendered":"<p>Sur Visit Matsumoto, accessible \u00e0 partir de http:\/\/test.visitmatsumoto.com, l\u2019une de nos principales priorit\u00e9s est la protection de la vie priv\u00e9e de nos utilisateurs. Ce document de politique de confidentialit\u00e9 contient les types d\u2019informations collect\u00e9es et enregistr\u00e9es par Visit Matsumoto et leurs utilisations. Si vous avez des questions suppl\u00e9mentaires, ou si vous souhaitez obtenir plus d&rsquo;informations sur notre politique de confidentialit\u00e9, n&rsquo;h\u00e9sitez pas \u00e0 nous contacter par e-mail \u00e0 l&rsquo;adresse suivante: webmaster@visitmatsumoto.com. R\u00e8glement g\u00e9n\u00e9ral sur la protection des donn\u00e9es (GDPR) Nous g\u00e9rons les donn\u00e9es relatifs \u00e0 vos informations. Consultez le fondement juridique de&nbsp;Visit Matsumoto Project pour la collecte et l&rsquo;utilisation des informations personnelles, d\u00e9crites dans la pr\u00e9sente politique de confidentialit\u00e9, qui [&hellip;]<\/p>\n","protected":false},"author":1,"featured_media":0,"parent":0,"menu_order":14,"comment_status":"closed","ping_status":"closed","template":"","meta":{"ngg_post_thumbnail":0,"inline_featured_image":false,"spay_email":""},"yoast_head":"<!-- This site is optimized with the Yoast SEO plugin v15.9.2 - https:\/\/yoast.com\/wordpress\/plugins\/seo\/ -->\n<title>Politique de confidentialit\u00e9 pour Visit Matsumoto Project | Visiter Matsumoto<\/title>\n<meta name=\"description\" content=\"Sur Visit Matsumoto, accessible \u00e0 partir de http:\/\/test.visitmatsumoto.com, l\u2019une de nos principales priorit\u00e9s est la protection de la vie priv\u00e9e de nos\" \/>\n<meta name=\"robots\" content=\"index, follow, max-snippet:-1, max-image-preview:large, max-video-preview:-1\" \/>\n<link rel=\"canonical\" href=\"https:\/\/blog.visitmatsumoto.com\/fr\/privacy-policy\/\" \/>\n<meta property=\"og:locale\" content=\"fr_FR\" \/>\n<meta property=\"og:type\" content=\"article\" \/>\n<meta property=\"og:title\" content=\"Politique de confidentialit\u00e9 pour Visit Matsumoto Project | Visiter Matsumoto\" \/>\n<meta property=\"og:description\" content=\"Sur Visit Matsumoto, accessible \u00e0 partir de http:\/\/test.visitmatsumoto.com, l\u2019une de nos principales priorit\u00e9s est la protection de la vie priv\u00e9e de nos\" \/>\n<meta property=\"og:url\" content=\"https:\/\/blog.visitmatsumoto.com\/fr\/privacy-policy\/\" \/>\n<meta property=\"og:site_name\" content=\"Visiter Matsumoto\" \/>\n<meta property=\"article:modified_time\" content=\"2019-08-23T01:57:10+00:00\" \/>\n<meta property=\"og:image\" content=\"https:\/\/blog.visitmatsumoto.com\/wp-content\/uploads\/2018\/03\/ogi_shinmatsu-1024x712.png\" \/>\n\t<meta property=\"og:image:width\" content=\"1024\" \/>\n\t<meta property=\"og:image:height\" content=\"712\" \/>\n<meta name=\"twitter:card\" content=\"summary_large_image\" \/>\n<meta name=\"twitter:label1\" content=\"Dur\u00e9e de lecture est.\">\n\t<meta name=\"twitter:data1\" content=\"5 minutes\">\n<script type=\"application\/ld+json\" class=\"yoast-schema-graph\">{\"@context\":\"https:\/\/schema.org\",\"@graph\":[{\"@type\":\"WebSite\",\"@id\":\"https:\/\/blog.visitmatsumoto.com\/zh-hant\/#website\",\"url\":\"https:\/\/blog.visitmatsumoto.com\/zh-hant\/\",\"name\":\"Visiter Matsumoto\",\"description\":\"Guide touristique officiel de Matsumoto, \\u00e0 Nagano, Japon\",\"potentialAction\":[{\"@type\":\"SearchAction\",\"target\":\"https:\/\/blog.visitmatsumoto.com\/zh-hant\/?s={search_term_string}\",\"query-input\":\"required name=search_term_string\"}],\"inLanguage\":\"fr-FR\"},{\"@type\":\"WebPage\",\"@id\":\"https:\/\/blog.visitmatsumoto.com\/fr\/privacy-policy\/#webpage\",\"url\":\"https:\/\/blog.visitmatsumoto.com\/fr\/privacy-policy\/\",\"name\":\"Politique de confidentialit\\u00e9 pour Visit Matsumoto Project | Visiter Matsumoto\",\"isPartOf\":{\"@id\":\"https:\/\/blog.visitmatsumoto.com\/zh-hant\/#website\"},\"datePublished\":\"2019-07-13T03:25:55+00:00\",\"dateModified\":\"2019-08-23T01:57:10+00:00\",\"description\":\"Sur Visit Matsumoto, accessible \\u00e0 partir de http:\/\/test.visitmatsumoto.com, l\\u2019une de nos principales priorit\\u00e9s est la protection de la vie priv\\u00e9e de nos\",\"breadcrumb\":{\"@id\":\"https:\/\/blog.visitmatsumoto.com\/fr\/privacy-policy\/#breadcrumb\"},\"inLanguage\":\"fr-FR\",\"potentialAction\":[{\"@type\":\"ReadAction\",\"target\":[\"https:\/\/blog.visitmatsumoto.com\/fr\/privacy-policy\/\"]}]},{\"@type\":\"BreadcrumbList\",\"@id\":\"https:\/\/blog.visitmatsumoto.com\/fr\/privacy-policy\/#breadcrumb\",\"itemListElement\":[{\"@type\":\"ListItem\",\"position\":1,\"item\":{\"@type\":\"WebPage\",\"@id\":\"https:\/\/blog.visitmatsumoto.com\/fr\/privacy-policy\/\",\"url\":\"https:\/\/blog.visitmatsumoto.com\/fr\/privacy-policy\/\",\"name\":\"Politique de confidentialit\\u00e9 pour Visit Matsumoto Project\"}}]}]}<\/script>\n<!-- \/ Yoast SEO plugin. -->","jetpack-related-posts":[{"id":79925,"url":"https:\/\/blog.visitmatsumoto.com\/fr\/reasons\/","url_meta":{"origin":271771,"position":0},"title":"Les raisons de visiter Matsumoto","date":"2018.3.14","format":false,"excerpt":"Le Ch\u00e2teau de Matsumoto \u2013 Patrimoine Culturel Construit il y a plus de 400 ans, le ch\u00e2teau de Matsumoto est le plus ancien ch\u00e2teau \u00e0 six \u00e9tages du Japon ayant conserv\u00e9 son donjon original en bois et fait partie des quatre ch\u00e2teaux du Japon (avec Himeji, Hikone et Inuyama) d\u00e9sign\u00e9s\u2026","rel":"","context":"Article similaire","img":{"alt_text":"","src":"https:\/\/i1.wp.com\/blog.visitmatsumoto.com\/wp-content\/uploads\/2018\/03\/pic_heroimage_sightseeing-2.jpg?fit=1200%2C600&ssl=1&resize=350%2C200","width":350,"height":200},"classes":[]},{"id":83806,"url":"https:\/\/blog.visitmatsumoto.com\/fr\/access\/by-train-and-buses\/from-shinjuku-tokyo-station\/","url_meta":{"origin":271771,"position":1},"title":"Au d\u00e9part des Gare de Shinjuku \/ Tokyo (Gare de Nagano)","date":"2018.3.11","format":false,"excerpt":"Par le train Limited Express Gare de Shinjuku \u2014 Gare de Matsumoto JR Ltd. Exp. Super Azusa ou \u201cAzusa\u201d 2h40 ou 3h00 6\u2009380\u2009\u00a5 places non r\u00e9serv\u00e9es \u201cAzusa\u201d porte le nom de la rivi\u00e8re qui traverse Matsumoto depuis Kamikochi. Le train passe par la r\u00e9gion du Mont Fuji. Il y a\u2026","rel":"","context":"Article similaire","img":{"alt_text":"","src":"","width":0,"height":0},"classes":[]},{"id":83794,"url":"https:\/\/blog.visitmatsumoto.com\/fr\/access\/by-train-and-buses\/from-narita-haneda-airport\/","url_meta":{"origin":271771,"position":2},"title":"Au d\u00e9part des a\u00e9roports de Narita et d\u2019Haneda","date":"2018.3.11","format":false,"excerpt":"Direct A\u00e9roport de Narita \u2014 Matsumoto (votre h\u00f4tel) Navette a\u00e9roport Chuo Taxi 4h30 13\u2009900\u2009\u00a5 A\u00e9roport d\u2019Haneda \u2014 Matsumoto (votre h\u00f4tel) Navette a\u00e9roport Chuo Taxi 4h00 12\u2009900\u2009\u00a5 Navette a\u00e9roport Alpico Taxi 4h00 10\u2009500\u2009\u00a5 Chuo Taxi: R\u00e9servez un taxi par t\u00e9l\u00e9phone ou sur internet au moins 5 jours avant votre d\u00e9part afin\u2026","rel":"","context":"Article similaire","img":{"alt_text":"","src":"","width":0,"height":0},"classes":[]},{"id":83726,"url":"https:\/\/blog.visitmatsumoto.com\/fr\/access\/","url_meta":{"origin":271771,"position":3},"title":"Acc\u00e8s","date":"2018.3.11","format":false,"excerpt":"O\u00f9 est situ\u00e9e la ville de Matsumoto ? La ville de Matsumoto est situ\u00e9e au centre de la pr\u00e9fecture de Nagano o\u00f9 se sont d\u00e9roul\u00e9 les Jeux Olympiques d'Hiver de 1998. Matsumoto se trouve au pied des Alpes Japonaises, nich\u00e9 entre les montagnes au c\u0153ur du Japon. Matsumoto est facilement\u2026","rel":"","context":"Article similaire","img":{"alt_text":"","src":"https:\/\/i0.wp.com\/visitmatsumoto.com\/wp-content\/uploads\/2018\/07\/shimatsu_access_fr.jpg?resize=350%2C200&ssl=1","width":350,"height":200},"classes":[]},{"id":83975,"url":"https:\/\/blog.visitmatsumoto.com\/fr\/access\/by-train-and-buses\/from-hakuba\/","url_meta":{"origin":271771,"position":4},"title":"A partir de Hakuba","date":"2018.3.11","format":false,"excerpt":"Par bus Express Terminal de Bus de Hakuba Happo \u2014 Hakuba Station \u2014 Matsumoto Bus Terminal Bus Alpico 2h10 1\u2009800\u2009\u00a5 Par train local Gare de Hakuba \u2014 Matsumoto Sta (JR Oito Line) Ltd. Exp. Azusa 1h10 une fois par jour 2\u2009320\u2009\u00a5 place non r\u00e9serv\u00e9es Ligne locale entre 1h40 et 2h30\u2026","rel":"","context":"Article similaire","img":{"alt_text":"","src":"","width":0,"height":0},"classes":[]},{"id":83828,"url":"https:\/\/blog.visitmatsumoto.com\/fr\/access\/by-train-and-buses\/from-centrair-nagoya\/","url_meta":{"origin":271771,"position":5},"title":"A partir de l'a\u00e9roport International de Ch\u016bbu (Centrair, Nagoya)","date":"2018.3.11","format":false,"excerpt":"Direct A\u00e9roport International de Ch\u016bbu (Central Japan) \u2014 Matsumoto (votre h\u00f4tel) Navette a\u00e9roport Alpico Taxi 3h30 8\u2009750\u2009\u00a5 R\u00e9servez un taxi par t\u00e9l\u00e9phone (\u00e0 partir d'un mois jusqu'\u00e0 3 jours avant le d\u00e9part) ou sur internet (\u00e0 partir d'un mois jusqu'\u00e0 7 jours avant le d\u00e9part). Via la Gare de Nagoya\u2026","rel":"","context":"Article similaire","img":{"alt_text":"","src":"","width":0,"height":0},"classes":[]}],"jetpack_sharing_enabled":true,"_links":{"self":[{"href":"https:\/\/blog.visitmatsumoto.com\/fr\/wp-json\/wp\/v2\/pages\/271771"}],"collection":[{"href":"https:\/\/blog.visitmatsumoto.com\/fr\/wp-json\/wp\/v2\/pages"}],"about":[{"href":"https:\/\/blog.visitmatsumoto.com\/fr\/wp-json\/wp\/v2\/types\/page"}],"author":[{"embeddable":true,"href":"https:\/\/blog.visitmatsumoto.com\/fr\/wp-json\/wp\/v2\/users\/1"}],"replies":[{"embeddable":true,"href":"https:\/\/blog.visitmatsumoto.com\/fr\/wp-json\/wp\/v2\/comments?post=271771"}],"version-history":[{"count":8,"href":"https:\/\/blog.visitmatsumoto.com\/fr\/wp-json\/wp\/v2\/pages\/271771\/revisions"}],"predecessor-version":[{"id":280390,"href":"https:\/\/blog.visitmatsumoto.com\/fr\/wp-json\/wp\/v2\/pages\/271771\/revisions\/280390"}],"wp:attachment":[{"href":"https:\/\/blog.visitmatsumoto.com\/fr\/wp-json\/wp\/v2\/media?parent=271771"}],"curies":[{"name":"wp","href":"https:\/\/api.w.org\/{rel}","templated":true}]}}