{"id":27650,"date":"2018-03-08T00:48:34","date_gmt":"2018-03-07T15:48:34","guid":{"rendered":"https:\/\/visitmatsumoto.com\/top\/"},"modified":"2023-06-14T14:04:33","modified_gmt":"2023-06-14T05:04:33","slug":"top","status":"publish","type":"page","link":"https:\/\/blog.visitmatsumoto.com\/fr\/","title":{"rendered":"TOP"},"content":{"rendered":"","protected":false},"excerpt":{"rendered":"","protected":false},"author":1,"featured_media":0,"parent":0,"menu_order":5,"comment_status":"closed","ping_status":"closed","template":"","meta":{"ngg_post_thumbnail":0,"inline_featured_image":false,"spay_email":""},"yoast_head":"<!-- This site is optimized with the Yoast SEO plugin v15.9.2 - https:\/\/yoast.com\/wordpress\/plugins\/seo\/ -->\n<title>Visiter Matsumoto | Guide touristique officiel de Matsumoto, \u00e0 Nagano, Japon<\/title>\n<meta name=\"description\" content=\"Site officiel du portail d&#039;information de la ville de Matsumoto cr\u00e9\u00e9 par un groupe d&#039;expatri\u00e9 locaux vivant \u00e0 Matsumoto. Ce site rassemble tous les \u00e9v\u00e9nements, sites touristiques et informations pratiques pour voyager \u00e0 Matsumoto. Vous y trouverez de nombreux articles et informations sur le ch\u00e2teau de Matsumoto, Kamikochi et autres diverses informations sur les autres sites touristiques de la ville et les randonn\u00e9es, ou encore sur la saison de floraison des cerisiers et autres \u00e9v\u00e9nements importants.\" \/>\n<meta name=\"robots\" content=\"index, follow, max-snippet:-1, max-image-preview:large, max-video-preview:-1\" \/>\n<link rel=\"canonical\" href=\"https:\/\/blog.visitmatsumoto.com\/fr\/\" \/>\n<meta property=\"og:locale\" content=\"fr_FR\" \/>\n<meta property=\"og:type\" content=\"article\" \/>\n<meta property=\"og:title\" content=\"Visiter Matsumoto | Guide touristique officiel de Matsumoto, \u00e0 Nagano, Japon\" \/>\n<meta property=\"og:description\" content=\"Site officiel du portail d&#039;information de la ville de Matsumoto cr\u00e9\u00e9 par un groupe d&#039;expatri\u00e9 locaux vivant \u00e0 Matsumoto. Ce site rassemble tous les \u00e9v\u00e9nements, sites touristiques et informations pratiques pour voyager \u00e0 Matsumoto. Vous y trouverez de nombreux articles et informations sur le ch\u00e2teau de Matsumoto, Kamikochi et autres diverses informations sur les autres sites touristiques de la ville et les randonn\u00e9es, ou encore sur la saison de floraison des cerisiers et autres \u00e9v\u00e9nements importants.\" \/>\n<meta property=\"og:url\" content=\"https:\/\/blog.visitmatsumoto.com\/fr\/\" \/>\n<meta property=\"og:site_name\" content=\"Visiter Matsumoto\" \/>\n<meta property=\"article:modified_time\" content=\"2023-06-14T05:04:33+00:00\" \/>\n<meta property=\"og:image\" content=\"https:\/\/blog.visitmatsumoto.com\/wp-content\/uploads\/2018\/03\/ogi_shinmatsu-1024x712.png\" \/>\n\t<meta property=\"og:image:width\" content=\"1024\" \/>\n\t<meta property=\"og:image:height\" content=\"712\" \/>\n<meta name=\"twitter:card\" content=\"summary_large_image\" \/>\n<script type=\"application\/ld+json\" class=\"yoast-schema-graph\">{\"@context\":\"https:\/\/schema.org\",\"@graph\":[{\"@type\":\"WebSite\",\"@id\":\"https:\/\/blog.visitmatsumoto.com\/zh-hant\/#website\",\"url\":\"https:\/\/blog.visitmatsumoto.com\/zh-hant\/\",\"name\":\"Visiter Matsumoto\",\"description\":\"Guide touristique officiel de Matsumoto, \\u00e0 Nagano, Japon\",\"potentialAction\":[{\"@type\":\"SearchAction\",\"target\":\"https:\/\/blog.visitmatsumoto.com\/zh-hant\/?s={search_term_string}\",\"query-input\":\"required name=search_term_string\"}],\"inLanguage\":\"fr-FR\"},{\"@type\":\"WebPage\",\"@id\":\"https:\/\/blog.visitmatsumoto.com\/fr\/#webpage\",\"url\":\"https:\/\/blog.visitmatsumoto.com\/fr\/\",\"name\":\"Visiter Matsumoto | Guide touristique officiel de Matsumoto, \\u00e0 Nagano, Japon\",\"isPartOf\":{\"@id\":\"https:\/\/blog.visitmatsumoto.com\/zh-hant\/#website\"},\"datePublished\":\"2018-03-07T15:48:34+00:00\",\"dateModified\":\"2023-06-14T05:04:33+00:00\",\"description\":\"Site officiel du portail d'information de la ville de Matsumoto cr\\u00e9\\u00e9 par un groupe d'expatri\\u00e9 locaux vivant \\u00e0 Matsumoto. Ce site rassemble tous les \\u00e9v\\u00e9nements, sites touristiques et informations pratiques pour voyager \\u00e0 Matsumoto. Vous y trouverez de nombreux articles et informations sur le ch\\u00e2teau de Matsumoto, Kamikochi et autres diverses informations sur les autres sites touristiques de la ville et les randonn\\u00e9es, ou encore sur la saison de floraison des cerisiers et autres \\u00e9v\\u00e9nements importants.\",\"breadcrumb\":{\"@id\":\"https:\/\/blog.visitmatsumoto.com\/fr\/#breadcrumb\"},\"inLanguage\":\"fr-FR\",\"potentialAction\":[{\"@type\":\"ReadAction\",\"target\":[\"https:\/\/blog.visitmatsumoto.com\/fr\/\"]}]},{\"@type\":\"BreadcrumbList\",\"@id\":\"https:\/\/blog.visitmatsumoto.com\/fr\/#breadcrumb\",\"itemListElement\":[{\"@type\":\"ListItem\",\"position\":1,\"item\":{\"@type\":\"WebPage\",\"@id\":\"https:\/\/blog.visitmatsumoto.com\/fr\/\",\"url\":\"https:\/\/blog.visitmatsumoto.com\/fr\/\",\"name\":\"TOP\"}}]}]}<\/script>\n<!-- \/ Yoast SEO plugin. -->","jetpack-related-posts":[{"id":27652,"url":"https:\/\/blog.visitmatsumoto.com\/ko\/top\/","url_meta":{"origin":27650,"position":0},"title":"TOP","date":"2018.3.8","format":false,"excerpt":"","rel":"","context":"Article similaire","img":{"alt_text":"","src":"","width":0,"height":0},"classes":[]},{"id":27649,"url":"https:\/\/blog.visitmatsumoto.com\/en\/top\/","url_meta":{"origin":27650,"position":1},"title":"TOP","date":"2018.3.8","format":false,"excerpt":"","rel":"","context":"Article similaire","img":{"alt_text":"","src":"","width":0,"height":0},"classes":[]},{"id":27651,"url":"https:\/\/blog.visitmatsumoto.com\/de\/top\/","url_meta":{"origin":27650,"position":2},"title":"TOP","date":"2018.3.8","format":false,"excerpt":"","rel":"","context":"Article similaire","img":{"alt_text":"","src":"","width":0,"height":0},"classes":[]},{"id":27653,"url":"https:\/\/blog.visitmatsumoto.com\/ru\/top\/","url_meta":{"origin":27650,"position":3},"title":"TOP","date":"2018.3.8","format":false,"excerpt":"","rel":"","context":"Article similaire","img":{"alt_text":"","src":"","width":0,"height":0},"classes":[]},{"id":27654,"url":"https:\/\/blog.visitmatsumoto.com\/th\/top\/","url_meta":{"origin":27650,"position":4},"title":"TOP","date":"2018.3.8","format":false,"excerpt":"","rel":"","context":"Article similaire","img":{"alt_text":"","src":"","width":0,"height":0},"classes":[]},{"id":27835,"url":"https:\/\/blog.visitmatsumoto.com\/ko\/top\/history\/","url_meta":{"origin":27650,"position":5},"title":"\uc5ed\uc0ac","date":"2018.3.8","format":false,"excerpt":"","rel":"","context":"Article similaire","img":{"alt_text":"","src":"","width":0,"height":0},"classes":[]}],"jetpack_sharing_enabled":true,"_links":{"self":[{"href":"https:\/\/blog.visitmatsumoto.com\/fr\/wp-json\/wp\/v2\/pages\/27650"}],"collection":[{"href":"https:\/\/blog.visitmatsumoto.com\/fr\/wp-json\/wp\/v2\/pages"}],"about":[{"href":"https:\/\/blog.visitmatsumoto.com\/fr\/wp-json\/wp\/v2\/types\/page"}],"author":[{"embeddable":true,"href":"https:\/\/blog.visitmatsumoto.com\/fr\/wp-json\/wp\/v2\/users\/1"}],"replies":[{"embeddable":true,"href":"https:\/\/blog.visitmatsumoto.com\/fr\/wp-json\/wp\/v2\/comments?post=27650"}],"version-history":[{"count":6,"href":"https:\/\/blog.visitmatsumoto.com\/fr\/wp-json\/wp\/v2\/pages\/27650\/revisions"}],"predecessor-version":[{"id":576578,"href":"https:\/\/blog.visitmatsumoto.com\/fr\/wp-json\/wp\/v2\/pages\/27650\/revisions\/576578"}],"wp:attachment":[{"href":"https:\/\/blog.visitmatsumoto.com\/fr\/wp-json\/wp\/v2\/media?parent=27650"}],"curies":[{"name":"wp","href":"https:\/\/api.w.org\/{rel}","templated":true}]}}